{"id":1352,"date":"2020-12-02T15:03:19","date_gmt":"2020-12-02T14:03:19","guid":{"rendered":"http:\/\/codep45-ffct-org.fr\/?page_id=1352"},"modified":"2025-03-02T11:23:55","modified_gmt":"2025-03-02T10:23:55","slug":"tour-du-loiret","status":"publish","type":"page","link":"https:\/\/codep45-ffct-org.fr\/index.php\/les-randonnees-permanentes-du-loiret\/tour-du-loiret\/","title":{"rendered":"Tour du Loiret"},"content":{"rendered":"\n<figure class=\"wp-block-image size-large is-resized\"><img loading=\"lazy\" src=\"http:\/\/codep45-ffct-org.fr\/wp-content\/uploads\/2021\/01\/Logo-Veloenfrance_Page_1.jpeg\" alt=\"\" class=\"wp-image-2098\" width=\"391\" height=\"83\" srcset=\"https:\/\/codep45-ffct-org.fr\/wp-content\/uploads\/2021\/01\/Logo-Veloenfrance_Page_1.jpeg 791w, https:\/\/codep45-ffct-org.fr\/wp-content\/uploads\/2021\/01\/Logo-Veloenfrance_Page_1-300x64.jpeg 300w, https:\/\/codep45-ffct-org.fr\/wp-content\/uploads\/2021\/01\/Logo-Veloenfrance_Page_1-768x163.jpeg 768w, https:\/\/codep45-ffct-org.fr\/wp-content\/uploads\/2021\/01\/Logo-Veloenfrance_Page_1-370x79.jpeg 370w\" sizes=\"(max-width: 391px) 100vw, 391px\" \/><\/figure>\n\n\n\n<p class=\"has-text-align-right has-small-font-size\"><em>Mise \u00e0 Jour : 05\/12\/2020<\/em><\/p>\n\n\n\n<div class=\"wp-block-group\"><div class=\"wp-block-group__inner-container\">\n<figure class=\"wp-block-table\"><table><tbody><tr><td><a class=\"rank-math-link rank-math-link\" rel=\"noreferrer noopener\" href=\"https:\/\/veloenfrance.fr\/circuits?id_circuit=179753\" target=\"_blank\"><br><\/a> <strong>Visitez la Page d\u00e9di\u00e9e V\u00e9loenFrance :<\/strong> <br><em>(Vous y trouverez la carte d\u00e9taill\u00e9e et le lien Gpx)<\/em> <br><a href=\"https:\/\/veloenfrance.fr\/randonnee-permanente\/tour-loiret\" class=\"rank-math-link\">Randonn\u00e9e permanente : Tour du Loiret<\/a><\/td><\/tr><\/tbody><\/table><\/figure>\n\n\n\n<div class=\"wp-block-media-text alignwide is-stacked-on-mobile\"><figure class=\"wp-block-media-text__media\"><img loading=\"lazy\" width=\"1024\" height=\"724\" src=\"http:\/\/codep45-ffct-org.fr\/wp-content\/uploads\/2021\/01\/Carte-Tour-du-Loiret-bis_Page_1-1024x724.jpeg\" alt=\"\" class=\"wp-image-2023 size-full\" srcset=\"https:\/\/codep45-ffct-org.fr\/wp-content\/uploads\/2021\/01\/Carte-Tour-du-Loiret-bis_Page_1-1024x724.jpeg 1024w, https:\/\/codep45-ffct-org.fr\/wp-content\/uploads\/2021\/01\/Carte-Tour-du-Loiret-bis_Page_1-300x212.jpeg 300w, https:\/\/codep45-ffct-org.fr\/wp-content\/uploads\/2021\/01\/Carte-Tour-du-Loiret-bis_Page_1-768x543.jpeg 768w, https:\/\/codep45-ffct-org.fr\/wp-content\/uploads\/2021\/01\/Carte-Tour-du-Loiret-bis_Page_1-1536x1086.jpeg 1536w, https:\/\/codep45-ffct-org.fr\/wp-content\/uploads\/2021\/01\/Carte-Tour-du-Loiret-bis_Page_1-2048x1448.jpeg 2048w, https:\/\/codep45-ffct-org.fr\/wp-content\/uploads\/2021\/01\/Carte-Tour-du-Loiret-bis_Page_1-370x262.jpeg 370w, https:\/\/codep45-ffct-org.fr\/wp-content\/uploads\/2021\/01\/Carte-Tour-du-Loiret-bis_Page_1-1040x735.jpeg 1040w\" sizes=\"(max-width: 1024px) 100vw, 1024px\" \/><\/figure><div class=\"wp-block-media-text__content\">\n<p class=\"has-drop-cap has-medium-font-size\">ID\u00e9couvrir le Loiret \u00e0 v\u00e9lo, c\u2019est traverser des paysages tr\u00e8s divers : de la Beauce, beaucoup plus vari\u00e9e qu\u2019on ne le croit souvent, \u00e0 la Sologne, encore tr\u00e8s pr\u00e9serv\u00e9e, avec ses villages typiques, ses grandes for\u00eats et ses \u00e9tangs, en passant par la for\u00eat d\u2019Orl\u00e9ans, plus grand massif forestier de France, et bien s\u00fbr la Loire, notre notre belle Loire, class\u00e9e au patrimoine mondial de l\u2019UNESCO. &nbsp;Un autre atout non n\u00e9gligeable : notre d\u00e9partement est pratiquement plat !<\/p>\n<\/div><\/div>\n\n\n\n<div class=\"wp-block-media-text alignwide is-stacked-on-mobile\"><figure class=\"wp-block-media-text__media\"><img src=\"http:\/\/codep45-ffct-org.fr\/wp-content\/uploads\/2020\/12\/Carte-Tour-du-Loiret-bis_Page_1-1024x724.jpeg\" alt=\"\" class=\"wp-image-1460 size-full\"\/><\/figure><div class=\"wp-block-media-text__content\">\n<p><\/p>\n<\/div><\/div>\n<\/div><\/div>\n\n\n\n<div class=\"wp-block-group\"><div class=\"wp-block-group__inner-container\">\n<p class=\"has-medium-font-size\"> Juste quelques ondulations agr\u00e9ables pour le plaisir, mais jamais de m\u00e9chantes c\u00f4tes ! Pour tous ceux qui veulent p\u00e9daler en famille, pour ceux qui ne cherchent pas \u00e0 battre des records, c\u2019est un terrain de jeu extr\u00eamement agr\u00e9able. Quant \u00e0 Orl\u00e9ans, capitale r\u00e9gionale, elle saura \u00e0 coup s\u00fbr vous s\u00e9duire, avec ses vieux quartiers r\u00e9nov\u00e9s, sa vitalit\u00e9, ses commerces, et bien s\u00fbr \u00ab sa \u00bb Jeanne d\u2019Arc. Enfin, dernier point int\u00e9ressant, la position strat\u00e9gique de notre d\u00e9partement : vous pourrez encha\u00eener sur \u00ab la Loire \u00e0 v\u00e9lo \u00bb, ou vous laisser s\u00e9duire par les Ch\u00e2teaux de la Loire. Bref, impossible de s\u2019ennuyer une seconde, tant le circuit que vous allez parcourir est vari\u00e9 et vous r\u00e9serve de surprises ! <\/p>\n<\/div><\/div>\n\n\n\n<figure class=\"wp-block-table\"><table class=\"has-fixed-layout\"><tbody><tr><td><em>Ci-contre quelques lieux remarquables que vous croiserez pendant votre parcours.<\/em><br><em>Vous d\u00e9ciderez de votre lieu de d\u00e9part et des \u00e9tapes que vous ferez.<\/em><\/td><td><div id=\"metaslider-id-1402\" style=\"max-width: 3000px;\" class=\"ml-slider-3-19-1 metaslider metaslider-nivo metaslider-1402 ml-slider\">\n    <div id=\"metaslider_container_1402\">\n        <div class='slider-wrapper theme-default'><div class='ribbon'><\/div><div id='metaslider_1402' class='nivoSlider'><img src=\"https:\/\/codep45-ffct-org.fr\/wp-content\/uploads\/2020\/12\/Tour-du-Loiret-1-680x407.jpg\" height=\"1800\" width=\"3000\" title=\"Tour-du-Loiret-1\" alt=\"\" class=\"slider-1402 slide-1403\" \/><img src=\"https:\/\/codep45-ffct-org.fr\/wp-content\/uploads\/2020\/12\/Tour-du-Loiret-2-535x321.jpg\" height=\"1800\" width=\"3000\" title=\"Tour-du-Loiret-2\" alt=\"\" class=\"slider-1402 slide-1404\" \/><img src=\"https:\/\/codep45-ffct-org.fr\/wp-content\/uploads\/2020\/12\/Tour-du-Loiret-4-613x367.jpg\" height=\"1800\" width=\"3000\" title=\"Tour du Loiret 4\" alt=\"\" class=\"slider-1402 slide-1405\" \/><img src=\"https:\/\/codep45-ffct-org.fr\/wp-content\/uploads\/2020\/12\/Tour-du-Loiret-3-622x373.jpg\" height=\"1800\" width=\"3000\" title=\"Tour du Loiret 3\" alt=\"\" class=\"slider-1402 slide-1406\" \/><img src=\"https:\/\/codep45-ffct-org.fr\/wp-content\/uploads\/2020\/12\/Tour-du-Loiret-5-613x367.jpg\" height=\"1800\" width=\"3000\" title=\"Tour du Loiret 5\" alt=\"\" class=\"slider-1402 slide-1407\" \/><img src=\"https:\/\/codep45-ffct-org.fr\/wp-content\/uploads\/2020\/12\/Tour-du-Loiret-6-613x367.jpg\" height=\"1800\" width=\"3000\" title=\"Tour du Loiret 6\" alt=\"\" class=\"slider-1402 slide-1408\" \/><img src=\"https:\/\/codep45-ffct-org.fr\/wp-content\/uploads\/2020\/12\/Tour-du-Loiret-9-636x382.jpg\" height=\"1800\" width=\"3000\" title=\"Tour du Loiret 9\" alt=\"\" class=\"slider-1402 slide-1409\" \/><img src=\"https:\/\/codep45-ffct-org.fr\/wp-content\/uploads\/2020\/12\/Tour-du-Loiret-8-613x367.jpg\" height=\"1800\" width=\"3000\" title=\"Tour du Loiret 8\" alt=\"\" class=\"slider-1402 slide-1410\" \/><img src=\"https:\/\/codep45-ffct-org.fr\/wp-content\/uploads\/2020\/12\/Tour-du-Loiret-7-680x407.jpg\" height=\"1800\" width=\"3000\" title=\"Tour du Loiret 7\" alt=\"\" class=\"slider-1402 slide-1411\" \/><img src=\"https:\/\/codep45-ffct-org.fr\/wp-content\/uploads\/2020\/12\/Tour-du-Loiret-10-661x396.jpg\" height=\"1800\" width=\"3000\" title=\"Tour du Loiret 10\" alt=\"\" class=\"slider-1402 slide-1412\" \/><img src=\"https:\/\/codep45-ffct-org.fr\/wp-content\/uploads\/2020\/12\/Tour-du-Loiret-11-676x406.jpg\" height=\"1800\" width=\"3000\" title=\"Tour du Loiret 11\" alt=\"\" class=\"slider-1402 slide-1413\" \/><img src=\"https:\/\/codep45-ffct-org.fr\/wp-content\/uploads\/2020\/12\/Tour-du-Loiret-12-680x407.jpg\" height=\"1800\" width=\"3000\" title=\"Tour du Loiret 12\" alt=\"\" class=\"slider-1402 slide-1414\" \/><img src=\"https:\/\/codep45-ffct-org.fr\/wp-content\/uploads\/2020\/12\/Tour-du-Loiret-13-680x407.jpg\" height=\"1800\" width=\"3000\" title=\"Tour du Loiret 13\" alt=\"\" class=\"slider-1402 slide-1415\" \/><\/div><\/div>\n        \n    <\/div>\n<\/div><\/td><\/tr><\/tbody><\/table><\/figure>\n\n\n\n<figure class=\"wp-block-image size-full\"><img loading=\"lazy\" width=\"2217\" height=\"316\" src=\"http:\/\/codep45-ffct-org.fr\/wp-content\/uploads\/2021\/01\/Bandeau-Randonnee-Permanente_Page_1.jpeg\" alt=\"\" class=\"wp-image-2365\" srcset=\"https:\/\/codep45-ffct-org.fr\/wp-content\/uploads\/2021\/01\/Bandeau-Randonnee-Permanente_Page_1.jpeg 2217w, https:\/\/codep45-ffct-org.fr\/wp-content\/uploads\/2021\/01\/Bandeau-Randonnee-Permanente_Page_1-300x43.jpeg 300w, https:\/\/codep45-ffct-org.fr\/wp-content\/uploads\/2021\/01\/Bandeau-Randonnee-Permanente_Page_1-1024x146.jpeg 1024w, https:\/\/codep45-ffct-org.fr\/wp-content\/uploads\/2021\/01\/Bandeau-Randonnee-Permanente_Page_1-768x109.jpeg 768w, https:\/\/codep45-ffct-org.fr\/wp-content\/uploads\/2021\/01\/Bandeau-Randonnee-Permanente_Page_1-1536x219.jpeg 1536w, https:\/\/codep45-ffct-org.fr\/wp-content\/uploads\/2021\/01\/Bandeau-Randonnee-Permanente_Page_1-2048x292.jpeg 2048w, https:\/\/codep45-ffct-org.fr\/wp-content\/uploads\/2021\/01\/Bandeau-Randonnee-Permanente_Page_1-370x53.jpeg 370w, https:\/\/codep45-ffct-org.fr\/wp-content\/uploads\/2021\/01\/Bandeau-Randonnee-Permanente_Page_1-1040x148.jpeg 1040w\" sizes=\"(max-width: 2217px) 100vw, 2217px\" \/><\/figure>\n","protected":false},"excerpt":{"rendered":"<p>Mise \u00e0 Jour : 05\/12\/2020 Ci-contre quelques lieux remarquables que vous croiserez pendant votre parcours.Vous d\u00e9ciderez de votre lieu de d\u00e9part et des \u00e9tapes que vous ferez.<\/p>\n","protected":false},"author":1,"featured_media":0,"parent":259,"menu_order":3,"comment_status":"closed","ping_status":"closed","template":"","meta":[],"_links":{"self":[{"href":"https:\/\/codep45-ffct-org.fr\/index.php\/wp-json\/wp\/v2\/pages\/1352"}],"collection":[{"href":"https:\/\/codep45-ffct-org.fr\/index.php\/wp-json\/wp\/v2\/pages"}],"about":[{"href":"https:\/\/codep45-ffct-org.fr\/index.php\/wp-json\/wp\/v2\/types\/page"}],"author":[{"embeddable":true,"href":"https:\/\/codep45-ffct-org.fr\/index.php\/wp-json\/wp\/v2\/users\/1"}],"replies":[{"embeddable":true,"href":"https:\/\/codep45-ffct-org.fr\/index.php\/wp-json\/wp\/v2\/comments?post=1352"}],"version-history":[{"count":42,"href":"https:\/\/codep45-ffct-org.fr\/index.php\/wp-json\/wp\/v2\/pages\/1352\/revisions"}],"predecessor-version":[{"id":6198,"href":"https:\/\/codep45-ffct-org.fr\/index.php\/wp-json\/wp\/v2\/pages\/1352\/revisions\/6198"}],"up":[{"embeddable":true,"href":"https:\/\/codep45-ffct-org.fr\/index.php\/wp-json\/wp\/v2\/pages\/259"}],"wp:attachment":[{"href":"https:\/\/codep45-ffct-org.fr\/index.php\/wp-json\/wp\/v2\/media?parent=1352"}],"curies":[{"name":"wp","href":"https:\/\/api.w.org\/{rel}","templated":true}]}}