{"id":23,"date":"2020-01-23T16:25:04","date_gmt":"2020-01-23T15:25:04","guid":{"rendered":"http:\/\/codep45-ffct-org.fr\/?page_id=23"},"modified":"2026-03-03T16:27:43","modified_gmt":"2026-03-03T15:27:43","slug":"site-en-construction-un-peu-de-patience","status":"publish","type":"page","link":"https:\/\/codep45-ffct-org.fr\/","title":{"rendered":"ACCUEIL"},"content":{"rendered":"\n<div class=\"wp-block-image\"><figure class=\"alignleft size-large is-resized\"><img loading=\"lazy\" src=\"http:\/\/codep45-ffct-org.fr\/wp-content\/uploads\/2020\/02\/Logo-Codep-45-2.png\" alt=\"\" class=\"wp-image-323\" width=\"213\" height=\"91\"\/><\/figure><\/div>\n\n\n\n<p class=\"has-text-align-right has-small-font-size\"><em>Mise \u00e0 Jour  : 03\/03\/2026<\/em><\/p>\n\n\n\n<p><\/p>\n\n\n\n<p><\/p>\n\n\n\n<h3 class=\"has-text-align-left has-text-color\" style=\"color:#0a2839\">Le&nbsp;<strong>cyclotourisme<\/strong>, c&rsquo;est d&rsquo;abord et avant tout le tourisme&nbsp;\u00e0&nbsp;bicyclette. On ne peut s\u00e9parer les deux volets de cette activit\u00e9 : le cyclo,  pratique simplement&nbsp;sportive, qu&rsquo;elle soit sur un v\u00e9lo de route, Gravel, Vtt ou VTC, dans laquelle toute notion de comp\u00e9tition a disparu, et le tourisme, activit\u00e9 de loisirs qui  consiste \u00e0 d\u00e9couvrir des sites, des paysages, des lieux, ou aller \u00e0 la rencontre des populations.  <\/h3>\n\n\n\n<div class=\"wp-block-image\"><figure class=\"alignright size-thumbnail is-resized\"><img src=\"http:\/\/codep45-ffct-org.fr\/wp-content\/uploads\/2020\/05\/Logo-D\u00e9partement-150x150.jpg\" alt=\"\" class=\"wp-image-542\" width=\"90\" srcset=\"https:\/\/codep45-ffct-org.fr\/wp-content\/uploads\/2020\/05\/Logo-D\u00e9partement-150x150.jpg 150w, https:\/\/codep45-ffct-org.fr\/wp-content\/uploads\/2020\/05\/Logo-D\u00e9partement.jpg 201w\" sizes=\"(max-width: 150px) 100vw, 150px\" \/><\/figure><\/div>\n\n\n\n<h3 class=\"has-text-color\" style=\"color:#4c2a11\"><em><strong>Le D\u00e9partement du Loiret offre de nombreuses possibilit\u00e9s pour d\u00e9couvrir des lieux \u00e0 visiter \u00e0 v\u00e9lo. <\/strong><\/em><\/h3>\n\n\n\n<div class=\"wp-block-image\"><figure class=\"alignright size-medium\"><img loading=\"lazy\" width=\"300\" height=\"199\" src=\"http:\/\/codep45-ffct-org.fr\/wp-content\/uploads\/2020\/05\/Image-La-Loire-\u00e0-V\u00e9lo-3-300x199.jpg\" alt=\"\" class=\"wp-image-690\" srcset=\"https:\/\/codep45-ffct-org.fr\/wp-content\/uploads\/2020\/05\/Image-La-Loire-\u00e0-V\u00e9lo-3-300x199.jpg 300w, https:\/\/codep45-ffct-org.fr\/wp-content\/uploads\/2020\/05\/Image-La-Loire-\u00e0-V\u00e9lo-3-370x246.jpg 370w, https:\/\/codep45-ffct-org.fr\/wp-content\/uploads\/2020\/05\/Image-La-Loire-\u00e0-V\u00e9lo-3.jpg 566w\" sizes=\"(max-width: 300px) 100vw, 300px\" \/><\/figure><\/div>\n\n\n\n<h3 class=\"has-text-color\" style=\"color:#4c2a11\"> Le Conseil D\u00e9partemental a mis en place un certain nombre de circuits (voirie, balisage&#8230;) qui sont contr\u00f4l\u00e9s tous les ans par les Associations du Comit\u00e9 D\u00e9partemental de Cyclotourisme.<\/h3>\n\n\n\n<div class=\"wp-block-image\"><figure class=\"alignright size-medium\"><img loading=\"lazy\" width=\"300\" height=\"233\" src=\"http:\/\/codep45-ffct-org.fr\/wp-content\/uploads\/2020\/05\/R\u00e9gions-naturelles-45_Page_1-3-300x233.jpeg\" alt=\"\" class=\"wp-image-695\" srcset=\"https:\/\/codep45-ffct-org.fr\/wp-content\/uploads\/2020\/05\/R\u00e9gions-naturelles-45_Page_1-3-300x233.jpeg 300w, https:\/\/codep45-ffct-org.fr\/wp-content\/uploads\/2020\/05\/R\u00e9gions-naturelles-45_Page_1-3-1024x795.jpeg 1024w, https:\/\/codep45-ffct-org.fr\/wp-content\/uploads\/2020\/05\/R\u00e9gions-naturelles-45_Page_1-3-768x596.jpeg 768w, https:\/\/codep45-ffct-org.fr\/wp-content\/uploads\/2020\/05\/R\u00e9gions-naturelles-45_Page_1-3-370x287.jpeg 370w, https:\/\/codep45-ffct-org.fr\/wp-content\/uploads\/2020\/05\/R\u00e9gions-naturelles-45_Page_1-3-1040x807.jpeg 1040w, https:\/\/codep45-ffct-org.fr\/wp-content\/uploads\/2020\/05\/R\u00e9gions-naturelles-45_Page_1-3.jpeg 1340w\" sizes=\"(max-width: 300px) 100vw, 300px\" \/><\/figure><\/div>\n\n\n\n<p class=\"has-medium-font-size\"><em>Voici quelques exemples (non exhaustifs)  de sites remarquables  parmi les 9 R\u00e9gions Naturelles du Loiret qui font partie des itin\u00e9raires possibles \u00e0 v\u00e9lo (balis\u00e9s ou non)<\/em><\/p>\n\n\n\n<p><\/p>\n\n\n\n<p class=\"has-medium-font-size\"><strong><em>L&rsquo;Orl\u00e9anais et le Val de Loire, <\/em><\/strong>  Orl\u00e9ans et sa M\u00e9tropole (300.000 habitants) est le point central de l&rsquo;Itin\u00e9raire <strong>La Loire \u00e0 V\u00e9lo <\/strong> du D\u00e9partement en amont et en aval du fleuve. <strong> <\/strong><em>(Partie de l&rsquo;EuroV\u00e9lo 6  qui traverse le continent Europ\u00e9en du nord au sud et d\u2019Est en Ouest, passant par 42 pays )<\/em>.  Dans le Loiret, c\u2019est 165 km de circuit balis\u00e9 antennes comprises. Il faut rajouter une trentaine de kms pour la travers\u00e9e de la M\u00e9tropole d\u2019Orl\u00e9ans.   Orl\u00e9ans est aussi un point de d\u00e9part de nombreux itin\u00e9raires privil\u00e9gi\u00e9s, au Nord Est vers la For\u00eat d&rsquo;Orl\u00e9ans, <em>(80 kms balis\u00e9s par le Conseil D\u00e9partemental)<\/em> et au Sud vers la Sologne.<\/p>\n\n\n\n<p class=\"has-medium-font-size\"><strong><em>La Beauce (petite et grande)<\/em><\/strong> partag\u00e9e avec les d\u00e9partement du Loir et Cher, de l&rsquo;Eure et Loir et de l&rsquo;Essonne, se caract\u00e9rise par de longues plaines de cultures c\u00e9r\u00e9ali\u00e8res, et des routes plates et sans fin sur lesquelles les cyclos ne trouvent pas d&rsquo;abri (ou peu) contre les vents d&rsquo;Ouest ou du Nord souvent pr\u00e9sents. Seule la partie frontali\u00e8re avec l&rsquo;Essonne pr\u00e9sente quelques reliefs.<\/p>\n\n\n\n<p>.<\/p>\n\n\n\n<p class=\"has-medium-font-size\"><strong><em>Le G\u00e2tinais (de l&rsquo;Ouest et de l&rsquo;Est)<\/em><\/strong> Alors que l&rsquo;Ouest reste relativement plat dans la continuit\u00e9 des grandes cultures de la Beauce et quelques sp\u00e9cialit\u00e9s (Safran de Boynes, Roses de Bellegarde ou G\u00e2teau le Pithiviers&#8230;.), l&rsquo;Est, frontalier principalement avec la Seine et Marne se caract\u00e9rise avec des terrains plus accident\u00e9s et aussi de nombreux circuits \u00e0 v\u00e9lo tr\u00e8s pittoresques, notamment pr\u00e8s du canal du Loing ou de Briare. <\/p>\n\n\n\n<p class=\"has-medium-font-size\"><strong><em>La Puisaye et le Berry<\/em><\/strong>, R\u00e9gions \u00e9galement tr\u00e8s touristiques, s\u00e9par\u00e9es par la Loire et des circuits cyclables reli\u00e9s \u00e0 celui de <em>La Loire \u00e0 V\u00e9lo<\/em> (partie de Eurov\u00e9lo 6 jusqu&rsquo;\u00e0 l&rsquo;Atlantique), A Briare, haut lieu du tourisme fluvial, la Scandib\u00e9rique (EuroV\u00e9lo 3) se connecte \u00e0 l&rsquo;itin\u00e9raire de la Loire \u00e0 V\u00e9lo. Dans le Loiret, La Scandib\u00e9rique chemine depuis Dordives sur + de 180 kms au fil des rivi\u00e8res, canaux et du fleuve royal. Le Conseil D\u00e9partemental a am\u00e9nag\u00e9 et balis\u00e9 210 kms de circuits cyclables.<\/p>\n\n\n\n<p><\/p>\n\n\n\n<p class=\"has-medium-font-size\"><strong><em>La Sologne, <\/em><\/strong>la R\u00e9gion la plus au Sud, terres de chasse et lieux de vill\u00e9giatures,  permet de longues balades ombrag\u00e9es entre for\u00eats et \u00e9tangs. C&rsquo;est \u00e9galement 100 kms de circuits s\u00e9lectionn\u00e9s et balis\u00e9s par le Conseil D\u00e9partemental.<\/p>\n\n\n\n<p>.<\/p>\n","protected":false},"excerpt":{"rendered":"<p>Mise \u00e0 Jour : 03\/03\/2026 Le&nbsp;cyclotourisme, c&rsquo;est d&rsquo;abord et avant tout le tourisme&nbsp;\u00e0&nbsp;bicyclette. On ne peut s\u00e9parer les deux volets de cette activit\u00e9 : le cyclo, pratique simplement&nbsp;sportive, qu&rsquo;elle soit sur un v\u00e9lo de route,[&#8230;]<\/p>\n","protected":false},"author":1,"featured_media":0,"parent":0,"menu_order":0,"comment_status":"closed","ping_status":"closed","template":"","meta":[],"_links":{"self":[{"href":"https:\/\/codep45-ffct-org.fr\/index.php\/wp-json\/wp\/v2\/pages\/23"}],"collection":[{"href":"https:\/\/codep45-ffct-org.fr\/index.php\/wp-json\/wp\/v2\/pages"}],"about":[{"href":"https:\/\/codep45-ffct-org.fr\/index.php\/wp-json\/wp\/v2\/types\/page"}],"author":[{"embeddable":true,"href":"https:\/\/codep45-ffct-org.fr\/index.php\/wp-json\/wp\/v2\/users\/1"}],"replies":[{"embeddable":true,"href":"https:\/\/codep45-ffct-org.fr\/index.php\/wp-json\/wp\/v2\/comments?post=23"}],"version-history":[{"count":174,"href":"https:\/\/codep45-ffct-org.fr\/index.php\/wp-json\/wp\/v2\/pages\/23\/revisions"}],"predecessor-version":[{"id":6746,"href":"https:\/\/codep45-ffct-org.fr\/index.php\/wp-json\/wp\/v2\/pages\/23\/revisions\/6746"}],"wp:attachment":[{"href":"https:\/\/codep45-ffct-org.fr\/index.php\/wp-json\/wp\/v2\/media?parent=23"}],"curies":[{"name":"wp","href":"https:\/\/api.w.org\/{rel}","templated":true}]}}