{"id":259,"date":"2020-02-18T11:26:25","date_gmt":"2020-02-18T10:26:25","guid":{"rendered":"http:\/\/codep45-ffct-org.fr\/?page_id=259"},"modified":"2024-02-29T15:49:25","modified_gmt":"2024-02-29T14:49:25","slug":"les-randonnees-permanentes-du-loiret","status":"publish","type":"page","link":"https:\/\/codep45-ffct-org.fr\/index.php\/les-randonnees-permanentes-du-loiret\/","title":{"rendered":"LES RANDONNEES PERMANENTES DU LOIRET"},"content":{"rendered":"\n<figure class=\"wp-block-image size-large is-resized\"><img loading=\"lazy\" src=\"http:\/\/codep45-ffct-org.fr\/wp-content\/uploads\/2020\/12\/Logo-Veloenfrance_Page_1-3.jpeg\" alt=\"\" class=\"wp-image-1687\" width=\"391\" height=\"91\"\/><\/figure>\n\n\n\n<p class=\"has-text-align-right has-small-font-size\"><em>Mise \u00e0 Jour : 29\/02\/2024<\/em><\/p>\n\n\n\n<figure class=\"wp-block-gallery columns-2\"><ul class=\"blocks-gallery-grid\"><li class=\"blocks-gallery-item\"><figure><img loading=\"lazy\" width=\"318\" height=\"225\" src=\"http:\/\/codep45-ffct-org.fr\/wp-content\/uploads\/2020\/12\/Carte-du-Loiret.jpg\" alt=\"\" data-id=\"1690\" data-link=\"http:\/\/codep45-ffct-org.fr\/index.php\/les-randonnees-permanentes-du-loiret\/carte-du-loiret\/\" class=\"wp-image-1690\" srcset=\"https:\/\/codep45-ffct-org.fr\/wp-content\/uploads\/2020\/12\/Carte-du-Loiret.jpg 318w, https:\/\/codep45-ffct-org.fr\/wp-content\/uploads\/2020\/12\/Carte-du-Loiret-300x212.jpg 300w\" sizes=\"(max-width: 318px) 100vw, 318px\" \/><\/figure><\/li><li class=\"blocks-gallery-item\"><figure><img loading=\"lazy\" width=\"380\" height=\"225\" src=\"http:\/\/codep45-ffct-org.fr\/wp-content\/uploads\/2020\/12\/Photo-tourisme-\u00e0-v\u00e9lo.jpg\" alt=\"\" data-id=\"1691\" data-full-url=\"http:\/\/codep45-ffct-org.fr\/wp-content\/uploads\/2020\/12\/Photo-tourisme-\u00e0-v\u00e9lo.jpg\" data-link=\"http:\/\/codep45-ffct-org.fr\/index.php\/les-randonnees-permanentes-du-loiret\/photo-tourisme-a-velo\/\" class=\"wp-image-1691\" srcset=\"https:\/\/codep45-ffct-org.fr\/wp-content\/uploads\/2020\/12\/Photo-tourisme-\u00e0-v\u00e9lo.jpg 380w, https:\/\/codep45-ffct-org.fr\/wp-content\/uploads\/2020\/12\/Photo-tourisme-\u00e0-v\u00e9lo-300x178.jpg 300w, https:\/\/codep45-ffct-org.fr\/wp-content\/uploads\/2020\/12\/Photo-tourisme-\u00e0-v\u00e9lo-370x219.jpg 370w\" sizes=\"(max-width: 380px) 100vw, 380px\" \/><\/figure><\/li><\/ul><\/figure>\n\n\n\n<h3>Les Randonn\u00e9es Permanentes sont labellis\u00e9es par la F\u00e9d\u00e9ration Fran\u00e7aise de Cyclotourisme et propos\u00e9es par les Comit\u00e9s D\u00e9partementaux avec le concours des Associations de Cyclotourisme.<\/h3>\n\n\n\n<p><strong>Elles sont<\/strong> <strong>relay\u00e9es par<\/strong> <strong>le portail <em>veloenfrance.fr<\/em> dans le but de faire d\u00e9couvrir la France \u00e0 v\u00e9lo et de promouvoir tous les territoires avec des circuits sp\u00e9cialement con\u00e7us pour leurs attraits touristiques, culturels et leur s\u00e9curit\u00e9. <\/strong><\/p>\n\n\n\n<p><strong> Pour notre D\u00e9partement, <\/strong><em><strong>4<\/strong><\/em><em><strong> Randonn\u00e9es <\/strong><\/em><strong>sont actuellement propos\u00e9es<\/strong> <strong>et font l&rsquo;objet de pages sp\u00e9ciales sur ce site :<\/strong><\/p>\n\n\n\n<ul><li><strong><em>Le Tour du Loiret<\/em><\/strong><\/li><li><strong><em>La Randonn\u00e9e de la M\u00e9moire du Loiret 1939-1945 (4 boucles)<\/em><\/strong><\/li><li><strong><em>La Randonn\u00e9e en Pa\u00efs de Solo\u00efgnes<\/em><\/strong> (1)<\/li><li><strong><em>La Route de la Rose<\/em><\/strong><\/li><\/ul>\n\n\n\n<p class=\"has-small-font-size\">(<em>1) Cette Randonn\u00e9e d\u00e9borde \u00e9galement et tr\u00e8s largement sur les d\u00e9partements voisins (Loir et Cher ; Cher)<\/em><\/p>\n\n\n\n<p><strong>Une autre Randonn\u00e9e :  \u00ab\u00a0<em>Randonn\u00e9e par les Vall\u00e9es du Val de Loire\u00a0\u00bb<\/em> n&rsquo;est pas reprise dans ce blog car son maintien et sa mise \u00e0 jour \u00e9ventuels sont en discussion.<\/strong><\/p>\n\n\n\n<p><\/p>\n","protected":false},"excerpt":{"rendered":"<p>Mise \u00e0 Jour : 29\/02\/2024 Les Randonn\u00e9es Permanentes sont labellis\u00e9es par la F\u00e9d\u00e9ration Fran\u00e7aise de Cyclotourisme et propos\u00e9es par les Comit\u00e9s D\u00e9partementaux avec le concours des Associations de Cyclotourisme. Elles sont relay\u00e9es par le portail[&#8230;]<\/p>\n","protected":false},"author":1,"featured_media":0,"parent":0,"menu_order":40,"comment_status":"closed","ping_status":"closed","template":"","meta":[],"_links":{"self":[{"href":"https:\/\/codep45-ffct-org.fr\/index.php\/wp-json\/wp\/v2\/pages\/259"}],"collection":[{"href":"https:\/\/codep45-ffct-org.fr\/index.php\/wp-json\/wp\/v2\/pages"}],"about":[{"href":"https:\/\/codep45-ffct-org.fr\/index.php\/wp-json\/wp\/v2\/types\/page"}],"author":[{"embeddable":true,"href":"https:\/\/codep45-ffct-org.fr\/index.php\/wp-json\/wp\/v2\/users\/1"}],"replies":[{"embeddable":true,"href":"https:\/\/codep45-ffct-org.fr\/index.php\/wp-json\/wp\/v2\/comments?post=259"}],"version-history":[{"count":15,"href":"https:\/\/codep45-ffct-org.fr\/index.php\/wp-json\/wp\/v2\/pages\/259\/revisions"}],"predecessor-version":[{"id":5821,"href":"https:\/\/codep45-ffct-org.fr\/index.php\/wp-json\/wp\/v2\/pages\/259\/revisions\/5821"}],"wp:attachment":[{"href":"https:\/\/codep45-ffct-org.fr\/index.php\/wp-json\/wp\/v2\/media?parent=259"}],"curies":[{"name":"wp","href":"https:\/\/api.w.org\/{rel}","templated":true}]}}