{"id":4822,"date":"2022-12-06T11:31:14","date_gmt":"2022-12-06T10:31:14","guid":{"rendered":"http:\/\/codep45-ffct-org.fr\/?page_id=4822"},"modified":"2024-02-29T15:55:34","modified_gmt":"2024-02-29T14:55:34","slug":"la-route-de-la-rose-dans-le-loiret","status":"publish","type":"page","link":"https:\/\/codep45-ffct-org.fr\/index.php\/les-randonnees-permanentes-du-loiret\/la-route-de-la-rose-dans-le-loiret\/","title":{"rendered":"La Route de la Rose dans le Loiret"},"content":{"rendered":"\n<figure class=\"wp-block-image is-resized\"><img loading=\"lazy\" src=\"http:\/\/codep45-ffct-org.fr\/wp-content\/uploads\/2021\/01\/Logo-Veloenfrance_Page_1-1.jpeg\" alt=\"L\u2019attribut alt de cette image est vide, son nom de fichier est Logo-Veloenfrance_Page_1-1.jpeg.\" width=\"391\" height=\"83\"\/><\/figure>\n\n\n\n<p class=\"has-text-align-right has-small-font-size\"><em>Mise \u00e0 Jour : 06\/12\/2022<\/em><\/p>\n\n\n\n<p class=\"has-drop-cap\">ILe Comit\u00e9 D\u00e9partemental du Loiret vous invite \u00e0  participer \u00e0 la randonn\u00e9e permanente de \u00ab\u00a0La Route de la Rose dans le Loiret\u00a0\u00bb, en visitant 15 parcs, jardins et sites de production pour d\u00e9couvrir la rose sous toutes ses facettes Ces sites sont \u00e0 entr\u00e9e payante pour la plupart. Les roses et Jeanne d\u2019Arc sont deux des passions du Loiret. L\u2019histoire a donc \u00e9videment voulu que ces passions se rencontrent et c\u2019est ce que nous allons vous raconter ! <\/p>\n\n\n\n<p>En 1839, la premi\u00e8re femme obtentrice de roses dans le Loiret, Mme Renard-Courtin, cr\u00e9e la premi\u00e8re rose Jeanne d\u2019Arc, pour laquelle elle obtient la m\u00e9daille d\u2019argent la Soci\u00e9t\u00e9 d\u2019Horticulture d\u2019Orl\u00e9ans, qui vient d\u2019\u00eatre fond\u00e9e et organise sa deuxi\u00e8me expo (au Jardin des Plantes). Une rose blanche Jeanne d\u2019Arc, cr\u00e9\u00e9e par Levavasseur en 1909 (polyantha), toujours en culture, se trouve au Parc floral de la Source. Cette randonn\u00e9e vous offre donc un itin\u00e9raire avec deux boucles non li\u00e9es entre elles, se composant de : une boucle nord de 110 km et une boucle sud de 60 km.<\/p>\n\n\n\n<figure class=\"wp-block-table\"><table class=\"has-fixed-layout\"><tbody><tr><td>Extrait Loiret.fr du 7 juin 2019&nbsp;:<br><em>\u00ab&nbsp;C\u2019est en for\u00eat qu\u2019a commenc\u00e9 la belle aventure de la rose dans le Loiret. D\u00e8s le Moyen-\u00c2ge, l\u2019\u00e9glantier des bois est cueilli pour \u00eatre greff\u00e9. Transplant\u00e9 dans un sol fertile, le petit sauvageon transforme alors ses corolles en v\u00e9ritables jupons de danse. H\u00e9ritier de tr\u00e8s anciens savoir-faire et traditions horticoles, le Loiret devient rapidement le berceau de p\u00e9pini\u00e8res renomm\u00e9es d\u00e8s le XVIII<sup>e<\/sup>&nbsp;si\u00e8cle. Avec la Loire pour axe majeur d\u2019\u00e9changes de plantes et de graines, des terres fertiles et un climat exceptionnellement doux, la vocation horticole et arboricole du d\u00e9partement s\u2019amplifie au XIXe soutenue par l\u2019arriv\u00e9e de c\u00e9l\u00e8bres botanistes dans le Pithiverais et l&rsquo;Orl\u00e9anais.<\/em><br><em>Au XX<sup>e<\/sup>&nbsp;si\u00e8cle, l&rsquo;Orl\u00e9anais devient la capitale de la rose et accueille les premi\u00e8res Floralies Internationales de France, Bellegarde est choisi comme premier \u00ab\u00a0Village des Roses\u00a0\u00bb. Le Loiret voit alors na\u00eetre des roses de l\u00e9gende, d\u2019\u00e9pineuses romantiques, des g\u00e9n\u00e9rations de fameux rosi\u00e9ristes et des obtenteurs de talent \u00e0 l\u2019image d\u2019Andr\u00e9 Eve. Aujourd\u2019hui profond\u00e9ment inscrite dans l\u2019ADN du territoire, la rose est partout : dans les jardins, les p\u00e9pini\u00e8res, les conservatoires, les villages, les ch\u00e2teaux\u2026&nbsp;\u00bb<\/em><\/td><td><div id=\"metaslider-id-4278\" style=\"max-width: 2864px;\" class=\"ml-slider-3-19-1 metaslider metaslider-nivo metaslider-4278 ml-slider\">\n    <div id=\"metaslider_container_4278\">\n        <div class='slider-wrapper theme-default'><div class='ribbon'><\/div><div id='metaslider_4278' class='nivoSlider'><img width=\"600\" height=\"409\" src=\"https:\/\/codep45-ffct-org.fr\/wp-content\/uploads\/2022\/12\/La-Route-de-la-Rose-04.jpg\" class=\"slider-4278 slide-4852\" alt=\"\" loading=\"lazy\" data-caption=\"Roseraie Jean DUPONT &agrave; ORLEANS\" data-thumb=\"\" title=\"La Route de la Rose 04\" rel=\"\" srcset=\"https:\/\/codep45-ffct-org.fr\/wp-content\/uploads\/2022\/12\/La-Route-de-la-Rose-04.jpg 600w, https:\/\/codep45-ffct-org.fr\/wp-content\/uploads\/2022\/12\/La-Route-de-la-Rose-04-300x205.jpg 300w, https:\/\/codep45-ffct-org.fr\/wp-content\/uploads\/2022\/12\/La-Route-de-la-Rose-04-370x252.jpg 370w\" sizes=\"(max-width: 600px) 100vw, 600px\" \/><img width=\"800\" height=\"533\" src=\"https:\/\/codep45-ffct-org.fr\/wp-content\/uploads\/2022\/12\/La-Route-de-la-Rose-06.jpg\" class=\"slider-4278 slide-4853\" alt=\"Parc Floral d&#039;ORLEANS LA SOURCE\" loading=\"lazy\" data-caption=\"Parc Floral d&#039;ORLEANS LA SOURCE\" data-thumb=\"\" title=\"La Route de la Rose 06\" rel=\"\" srcset=\"https:\/\/codep45-ffct-org.fr\/wp-content\/uploads\/2022\/12\/La-Route-de-la-Rose-06.jpg 800w, https:\/\/codep45-ffct-org.fr\/wp-content\/uploads\/2022\/12\/La-Route-de-la-Rose-06-300x200.jpg 300w, https:\/\/codep45-ffct-org.fr\/wp-content\/uploads\/2022\/12\/La-Route-de-la-Rose-06-768x512.jpg 768w, https:\/\/codep45-ffct-org.fr\/wp-content\/uploads\/2022\/12\/La-Route-de-la-Rose-06-370x247.jpg 370w\" sizes=\"(max-width: 800px) 100vw, 800px\" \/><img width=\"800\" height=\"616\" src=\"https:\/\/codep45-ffct-org.fr\/wp-content\/uploads\/2022\/12\/La-Route-de-la-Rose-07.jpg\" class=\"slider-4278 slide-4855\" alt=\"\" loading=\"lazy\" data-caption=\"Jardin de ROQUELIN &agrave; MEUNG SUR LOIRE\" data-thumb=\"\" title=\"La Route de la Rose 07\" rel=\"\" srcset=\"https:\/\/codep45-ffct-org.fr\/wp-content\/uploads\/2022\/12\/La-Route-de-la-Rose-07.jpg 800w, https:\/\/codep45-ffct-org.fr\/wp-content\/uploads\/2022\/12\/La-Route-de-la-Rose-07-300x231.jpg 300w, https:\/\/codep45-ffct-org.fr\/wp-content\/uploads\/2022\/12\/La-Route-de-la-Rose-07-768x591.jpg 768w, https:\/\/codep45-ffct-org.fr\/wp-content\/uploads\/2022\/12\/La-Route-de-la-Rose-07-370x285.jpg 370w\" sizes=\"(max-width: 800px) 100vw, 800px\" \/><img width=\"534\" height=\"911\" src=\"https:\/\/codep45-ffct-org.fr\/wp-content\/uploads\/2022\/12\/La-Route-de-la-Rose-03-scaled-e1670342969442.jpg\" class=\"slider-4278 slide-4856\" alt=\"\" loading=\"lazy\" data-caption=\"Jardin de ROQUELIN &agrave; Meung sur Loire\" data-thumb=\"\" title=\"La Route de la Rose 03\" rel=\"\" \/><img width=\"600\" height=\"409\" src=\"https:\/\/codep45-ffct-org.fr\/wp-content\/uploads\/2022\/12\/La-Route-de-la-Rose-08.jpg\" class=\"slider-4278 slide-4858\" alt=\"\" loading=\"lazy\" data-caption=\"Jardin Andr&eacute; EVE &agrave; CHILLEURS \" data-thumb=\"\" title=\"La Route de la Rose 08\" rel=\"\" srcset=\"https:\/\/codep45-ffct-org.fr\/wp-content\/uploads\/2022\/12\/La-Route-de-la-Rose-08.jpg 600w, https:\/\/codep45-ffct-org.fr\/wp-content\/uploads\/2022\/12\/La-Route-de-la-Rose-08-300x205.jpg 300w, https:\/\/codep45-ffct-org.fr\/wp-content\/uploads\/2022\/12\/La-Route-de-la-Rose-08-370x252.jpg 370w\" sizes=\"(max-width: 600px) 100vw, 600px\" \/><img width=\"600\" height=\"409\" src=\"https:\/\/codep45-ffct-org.fr\/wp-content\/uploads\/2022\/12\/La-Route-de-la-Rose-05.jpg\" class=\"slider-4278 slide-4859\" alt=\"\" loading=\"lazy\" data-caption=\"Jardin des Plantes &agrave; ORLEANS\" data-thumb=\"\" title=\"La Route de la Rose 05\" rel=\"\" srcset=\"https:\/\/codep45-ffct-org.fr\/wp-content\/uploads\/2022\/12\/La-Route-de-la-Rose-05.jpg 600w, https:\/\/codep45-ffct-org.fr\/wp-content\/uploads\/2022\/12\/La-Route-de-la-Rose-05-300x205.jpg 300w, https:\/\/codep45-ffct-org.fr\/wp-content\/uploads\/2022\/12\/La-Route-de-la-Rose-05-370x252.jpg 370w\" sizes=\"(max-width: 600px) 100vw, 600px\" \/><img width=\"600\" height=\"409\" src=\"https:\/\/codep45-ffct-org.fr\/wp-content\/uploads\/2022\/12\/La-Route-de-la-Rose-11.jpg.png.jpg\" class=\"slider-4278 slide-4860\" alt=\"P\u00e9pini\u00e8res France PILTE \u00e0 QUIERS-SUR-BEZONDE\" loading=\"lazy\" data-caption=\"P&eacute;pini&egrave;res France PILTE &agrave; QUIERS-SUR-BEZONDE\" data-thumb=\"\" title=\"La Route de la Rose 11.jpg.png\" rel=\"\" srcset=\"https:\/\/codep45-ffct-org.fr\/wp-content\/uploads\/2022\/12\/La-Route-de-la-Rose-11.jpg.png.jpg 600w, https:\/\/codep45-ffct-org.fr\/wp-content\/uploads\/2022\/12\/La-Route-de-la-Rose-11.jpg.png-300x205.jpg 300w, https:\/\/codep45-ffct-org.fr\/wp-content\/uploads\/2022\/12\/La-Route-de-la-Rose-11.jpg.png-370x252.jpg 370w\" sizes=\"(max-width: 600px) 100vw, 600px\" \/><img width=\"800\" height=\"534\" src=\"https:\/\/codep45-ffct-org.fr\/wp-content\/uploads\/2022\/12\/La-Route-de-la-Rose-09.jpg.png\" class=\"slider-4278 slide-4861\" alt=\"La Javeli\u00e8re \u00e0 MONTBAROIS\" loading=\"lazy\" data-caption=\"La Javeli&egrave;re &agrave; MONTBAROIS\" data-thumb=\"\" title=\"La Route de la Rose 09.jpg\" rel=\"\" srcset=\"https:\/\/codep45-ffct-org.fr\/wp-content\/uploads\/2022\/12\/La-Route-de-la-Rose-09.jpg.png 800w, https:\/\/codep45-ffct-org.fr\/wp-content\/uploads\/2022\/12\/La-Route-de-la-Rose-09.jpg-300x200.png 300w, https:\/\/codep45-ffct-org.fr\/wp-content\/uploads\/2022\/12\/La-Route-de-la-Rose-09.jpg-768x513.png 768w, https:\/\/codep45-ffct-org.fr\/wp-content\/uploads\/2022\/12\/La-Route-de-la-Rose-09.jpg-370x247.png 370w\" sizes=\"(max-width: 800px) 100vw, 800px\" \/><img width=\"600\" height=\"409\" src=\"https:\/\/codep45-ffct-org.fr\/wp-content\/uploads\/2022\/12\/La-Route-de-la-Rose-10.jpg.png.jpg\" class=\"slider-4278 slide-4862\" alt=\"P\u00e9pini\u00e8res FRANCIA THAUVIN \u00e0 Saint CYR en VAL\" loading=\"lazy\" data-caption=\"P&eacute;pini&egrave;res FRANCIA THAUVIN &agrave; Saint CYR en VAL\" data-thumb=\"\" title=\"La Route de la Rose 10.jpg.png\" rel=\"\" srcset=\"https:\/\/codep45-ffct-org.fr\/wp-content\/uploads\/2022\/12\/La-Route-de-la-Rose-10.jpg.png.jpg 600w, https:\/\/codep45-ffct-org.fr\/wp-content\/uploads\/2022\/12\/La-Route-de-la-Rose-10.jpg.png-300x205.jpg 300w, https:\/\/codep45-ffct-org.fr\/wp-content\/uploads\/2022\/12\/La-Route-de-la-Rose-10.jpg.png-370x252.jpg 370w\" sizes=\"(max-width: 600px) 100vw, 600px\" \/><\/div><\/div>\n        \n    <\/div>\n<\/div><\/td><\/tr><\/tbody><\/table><\/figure>\n\n\n\n<figure class=\"wp-block-image size-large\"><img loading=\"lazy\" width=\"1024\" height=\"335\" src=\"http:\/\/codep45-ffct-org.fr\/wp-content\/uploads\/2022\/12\/Bandeau-2-Randonnee-Permanente-1024x335.jpg\" alt=\"\" class=\"wp-image-4863\" srcset=\"https:\/\/codep45-ffct-org.fr\/wp-content\/uploads\/2022\/12\/Bandeau-2-Randonnee-Permanente-1024x335.jpg 1024w, https:\/\/codep45-ffct-org.fr\/wp-content\/uploads\/2022\/12\/Bandeau-2-Randonnee-Permanente-300x98.jpg 300w, https:\/\/codep45-ffct-org.fr\/wp-content\/uploads\/2022\/12\/Bandeau-2-Randonnee-Permanente-768x252.jpg 768w, https:\/\/codep45-ffct-org.fr\/wp-content\/uploads\/2022\/12\/Bandeau-2-Randonnee-Permanente-370x121.jpg 370w, https:\/\/codep45-ffct-org.fr\/wp-content\/uploads\/2022\/12\/Bandeau-2-Randonnee-Permanente-1040x341.jpg 1040w, https:\/\/codep45-ffct-org.fr\/wp-content\/uploads\/2022\/12\/Bandeau-2-Randonnee-Permanente.jpg 1514w\" sizes=\"(max-width: 1024px) 100vw, 1024px\" \/><\/figure>\n\n\n\n<p><strong>Plaquette de Pr\u00e9sentation et Bulletin d&rsquo;Inscription :<\/strong><\/p>\n\n\n\n<p class=\"has-vivid-red-color has-text-color has-normal-font-size\"> <em><strong>Cliquez sur le titre en bas de l&rsquo;image correspondante pour obtenir la Plaquette<\/strong><\/em> <em><strong>ou le Bulletin d&rsquo;Inscription<\/strong><\/em> <\/p>\n\n\n\n<figure class=\"wp-block-gallery columns-2\"><ul class=\"blocks-gallery-grid\"><li class=\"blocks-gallery-item\"><figure><a href=\"http:\/\/codep45-ffct-org.fr\/wp-content\/uploads\/2022\/12\/Plaquette-Presentation-RP-Route-de-la-Rose-1024x724.jpg\"><img loading=\"lazy\" width=\"1024\" height=\"724\" src=\"http:\/\/codep45-ffct-org.fr\/wp-content\/uploads\/2022\/12\/Plaquette-Presentation-RP-Route-de-la-Rose-1024x724.jpg\" alt=\"\" data-id=\"4869\" data-link=\"http:\/\/codep45-ffct-org.fr\/index.php\/les-randonnees-permanentes-du-loiret\/la-route-de-la-rose-dans-le-loiret\/plaquette-presentation-rp-route-de-la-rose\/\" class=\"wp-image-4869\" srcset=\"https:\/\/codep45-ffct-org.fr\/wp-content\/uploads\/2022\/12\/Plaquette-Presentation-RP-Route-de-la-Rose-1024x724.jpg 1024w, https:\/\/codep45-ffct-org.fr\/wp-content\/uploads\/2022\/12\/Plaquette-Presentation-RP-Route-de-la-Rose-300x212.jpg 300w, https:\/\/codep45-ffct-org.fr\/wp-content\/uploads\/2022\/12\/Plaquette-Presentation-RP-Route-de-la-Rose-768x543.jpg 768w, https:\/\/codep45-ffct-org.fr\/wp-content\/uploads\/2022\/12\/Plaquette-Presentation-RP-Route-de-la-Rose-1536x1087.jpg 1536w, https:\/\/codep45-ffct-org.fr\/wp-content\/uploads\/2022\/12\/Plaquette-Presentation-RP-Route-de-la-Rose-2048x1449.jpg 2048w, https:\/\/codep45-ffct-org.fr\/wp-content\/uploads\/2022\/12\/Plaquette-Presentation-RP-Route-de-la-Rose-370x262.jpg 370w, https:\/\/codep45-ffct-org.fr\/wp-content\/uploads\/2022\/12\/Plaquette-Presentation-RP-Route-de-la-Rose-1040x736.jpg 1040w\" sizes=\"(max-width: 1024px) 100vw, 1024px\" \/><\/a><figcaption class=\"blocks-gallery-item__caption\"><a href=\"http:\/\/codep45-ffct-org.fr\/wp-content\/uploads\/2022\/12\/Plaquette-Information-RP-Route-de-la-Rose.pdf\" class=\"rank-math-link\">http:\/\/codep45-ffct-org.fr\/wp-content\/uploads\/2022\/12\/Plaquette-Information-RP-Route-de-la-Rose.pdf<\/a><\/figcaption><\/figure><\/li><li class=\"blocks-gallery-item\"><figure><a href=\"http:\/\/codep45-ffct-org.fr\/wp-content\/uploads\/2022\/12\/Bulletin-Inscription-RP-Route-de-la-Rose.jpg\"><img loading=\"lazy\" width=\"1024\" height=\"724\" src=\"http:\/\/codep45-ffct-org.fr\/wp-content\/uploads\/2022\/12\/Bulletin-Inscription-RP-Route-de-la-Rose-1024x724.jpg\" alt=\"\" data-id=\"4870\" data-full-url=\"http:\/\/codep45-ffct-org.fr\/wp-content\/uploads\/2022\/12\/Bulletin-Inscription-RP-Route-de-la-Rose.jpg\" data-link=\"http:\/\/codep45-ffct-org.fr\/index.php\/les-randonnees-permanentes-du-loiret\/la-route-de-la-rose-dans-le-loiret\/bulletin-inscription-rp-route-de-la-rose\/\" class=\"wp-image-4870\" srcset=\"https:\/\/codep45-ffct-org.fr\/wp-content\/uploads\/2022\/12\/Bulletin-Inscription-RP-Route-de-la-Rose-1024x724.jpg 1024w, https:\/\/codep45-ffct-org.fr\/wp-content\/uploads\/2022\/12\/Bulletin-Inscription-RP-Route-de-la-Rose-300x212.jpg 300w, https:\/\/codep45-ffct-org.fr\/wp-content\/uploads\/2022\/12\/Bulletin-Inscription-RP-Route-de-la-Rose-768x543.jpg 768w, https:\/\/codep45-ffct-org.fr\/wp-content\/uploads\/2022\/12\/Bulletin-Inscription-RP-Route-de-la-Rose-1536x1087.jpg 1536w, https:\/\/codep45-ffct-org.fr\/wp-content\/uploads\/2022\/12\/Bulletin-Inscription-RP-Route-de-la-Rose-2048x1449.jpg 2048w, https:\/\/codep45-ffct-org.fr\/wp-content\/uploads\/2022\/12\/Bulletin-Inscription-RP-Route-de-la-Rose-370x262.jpg 370w, https:\/\/codep45-ffct-org.fr\/wp-content\/uploads\/2022\/12\/Bulletin-Inscription-RP-Route-de-la-Rose-1040x736.jpg 1040w\" sizes=\"(max-width: 1024px) 100vw, 1024px\" \/><\/a><figcaption class=\"blocks-gallery-item__caption\"><a href=\"http:\/\/codep45-ffct-org.fr\/wp-content\/uploads\/2022\/12\/Bulletin-Inscription-RP-Route-de-la-Rose.pdf\" class=\"rank-math-link\">http:\/\/codep45-ffct-org.fr\/wp-content\/uploads\/2022\/12\/Bulletin-Inscription-RP-Route-de-la-Rose.pdf<\/a><\/figcaption><\/figure><\/li><\/ul><\/figure>\n","protected":false},"excerpt":{"rendered":"<p>Mise \u00e0 Jour : 06\/12\/2022 ILe Comit\u00e9 D\u00e9partemental du Loiret vous invite \u00e0 participer \u00e0 la randonn\u00e9e permanente de \u00ab\u00a0La Route de la Rose dans le Loiret\u00a0\u00bb, en visitant 15 parcs, jardins et sites de[&#8230;]<\/p>\n","protected":false},"author":1,"featured_media":0,"parent":259,"menu_order":1,"comment_status":"closed","ping_status":"closed","template":"","meta":[],"_links":{"self":[{"href":"https:\/\/codep45-ffct-org.fr\/index.php\/wp-json\/wp\/v2\/pages\/4822"}],"collection":[{"href":"https:\/\/codep45-ffct-org.fr\/index.php\/wp-json\/wp\/v2\/pages"}],"about":[{"href":"https:\/\/codep45-ffct-org.fr\/index.php\/wp-json\/wp\/v2\/types\/page"}],"author":[{"embeddable":true,"href":"https:\/\/codep45-ffct-org.fr\/index.php\/wp-json\/wp\/v2\/users\/1"}],"replies":[{"embeddable":true,"href":"https:\/\/codep45-ffct-org.fr\/index.php\/wp-json\/wp\/v2\/comments?post=4822"}],"version-history":[{"count":29,"href":"https:\/\/codep45-ffct-org.fr\/index.php\/wp-json\/wp\/v2\/pages\/4822\/revisions"}],"predecessor-version":[{"id":5822,"href":"https:\/\/codep45-ffct-org.fr\/index.php\/wp-json\/wp\/v2\/pages\/4822\/revisions\/5822"}],"up":[{"embeddable":true,"href":"https:\/\/codep45-ffct-org.fr\/index.php\/wp-json\/wp\/v2\/pages\/259"}],"wp:attachment":[{"href":"https:\/\/codep45-ffct-org.fr\/index.php\/wp-json\/wp\/v2\/media?parent=4822"}],"curies":[{"name":"wp","href":"https:\/\/api.w.org\/{rel}","templated":true}]}}