{"id":6375,"date":"2025-05-30T14:09:12","date_gmt":"2025-05-30T12:09:12","guid":{"rendered":"https:\/\/codep45-ffct-org.fr\/?page_id=6375"},"modified":"2025-05-30T14:17:07","modified_gmt":"2025-05-30T12:17:07","slug":"criteriulm-regional-deduacation-routiere-des-3-et-4-mai-2025","status":"publish","type":"page","link":"https:\/\/codep45-ffct-org.fr\/index.php\/une-place-aux-jeunes-et-aux-familles\/criteriulm-regional-deduacation-routiere-des-3-et-4-mai-2025\/","title":{"rendered":"Crit\u00e9rium R\u00e9gional d&rsquo;Education Routi\u00e8re des 3 et 4 Mai 2025"},"content":{"rendered":"\n<figure class=\"wp-block-image\"><img src=\"http:\/\/codep45-ffct-org.fr\/wp-content\/uploads\/2020\/02\/Logo-Codep-45.png\" alt=\"L\u2019attribut alt de cette image est vide, son nom de fichier est Logo-Codep-45.png.\"\/><\/figure>\n\n\n\n<p class=\"has-text-align-right has-small-font-size\"><em>Mise \u00e0 Jour : 30\/05\/2025<\/em><\/p>\n\n\n\n<ul><li><strong><em><a href=\"https:\/\/codep45-ffct-org.fr\/index.php\/2025\/05\/30\/criterium-regional-deducation-routiere-des-3-et-4-mai-2025\/\" class=\"rank-math-link\">Lire l&rsquo;article sur le CRER des 3 et 4\/5\/2025<\/a><\/em><\/strong><\/li><\/ul>\n","protected":false},"excerpt":{"rendered":"<p>Mise \u00e0 Jour : 30\/05\/2025 Lire l&rsquo;article sur le CRER des 3 et 4\/5\/2025<\/p>\n","protected":false},"author":1,"featured_media":0,"parent":792,"menu_order":2,"comment_status":"closed","ping_status":"closed","template":"","meta":[],"_links":{"self":[{"href":"https:\/\/codep45-ffct-org.fr\/index.php\/wp-json\/wp\/v2\/pages\/6375"}],"collection":[{"href":"https:\/\/codep45-ffct-org.fr\/index.php\/wp-json\/wp\/v2\/pages"}],"about":[{"href":"https:\/\/codep45-ffct-org.fr\/index.php\/wp-json\/wp\/v2\/types\/page"}],"author":[{"embeddable":true,"href":"https:\/\/codep45-ffct-org.fr\/index.php\/wp-json\/wp\/v2\/users\/1"}],"replies":[{"embeddable":true,"href":"https:\/\/codep45-ffct-org.fr\/index.php\/wp-json\/wp\/v2\/comments?post=6375"}],"version-history":[{"count":6,"href":"https:\/\/codep45-ffct-org.fr\/index.php\/wp-json\/wp\/v2\/pages\/6375\/revisions"}],"predecessor-version":[{"id":6382,"href":"https:\/\/codep45-ffct-org.fr\/index.php\/wp-json\/wp\/v2\/pages\/6375\/revisions\/6382"}],"up":[{"embeddable":true,"href":"https:\/\/codep45-ffct-org.fr\/index.php\/wp-json\/wp\/v2\/pages\/792"}],"wp:attachment":[{"href":"https:\/\/codep45-ffct-org.fr\/index.php\/wp-json\/wp\/v2\/media?parent=6375"}],"curies":[{"name":"wp","href":"https:\/\/api.w.org\/{rel}","templated":true}]}}