{"id":6722,"date":"2026-03-03T16:24:33","date_gmt":"2026-03-03T15:24:33","guid":{"rendered":"https:\/\/codep45-ffct-org.fr\/?page_id=6722"},"modified":"2026-03-24T17:33:57","modified_gmt":"2026-03-24T16:33:57","slug":"les-commissions-departementales","status":"publish","type":"page","link":"https:\/\/codep45-ffct-org.fr\/index.php\/contacts\/les-commissions-departementales\/","title":{"rendered":"Les Commissions D\u00e9partementales"},"content":{"rendered":"\n<figure class=\"wp-block-image\"><img src=\"http:\/\/codep45-ffct-org.fr\/wp-content\/uploads\/2020\/02\/Logo-Codep-45-4.png\" alt=\"L\u2019attribut alt de cette image est vide, son nom de fichier est Logo-Codep-45-4.png.\"\/><\/figure>\n\n\n\n<p class=\"has-text-align-right\"><em>Mise \u00e0 Jour : 24\/03\/2026<\/em><\/p>\n\n\n\n<h2>La Composition :<\/h2>\n\n\n\n<p>.<\/p>\n\n\n\n<ul><li><em>FORMATION :<\/em> <strong>Didier BOISSEAU<\/strong><\/li><li><em>FINANCES : <\/em><strong>Eric SIGMUND<\/strong><\/li><li><em>JEUNES :<\/em> <strong>Jo\u00ebl RENAULT<\/strong><\/li><li><em>SECURITE\/SANTE<\/em><strong><em> :<\/em><\/strong><em> <\/em><strong>Philippe LANHER<\/strong> <\/li><li><em>SENIORS : Commission vacante<\/em><\/li><li><em>TOURISME :<\/em> <em>Commission vacante<\/em><\/li><li><em>VTT\/GRAVEL :<\/em> <strong>Eric SIGMUND<\/strong><\/li><li><em>WEB\/COMMUNICATION :<\/em> <strong>Denis PRUD&rsquo;HOMME<\/strong><\/li><li><em>SPORT POUR TOUS :<\/em> <strong>Didier BOISSEAU<\/strong><\/li><li><em>CONCOURS PHOTOS DEPARTEMENTAL : Commission mise en sommeil<\/em><\/li><li><em>VERIFICATION CIRCUITS CONSEIL DEPARTEMENTAL DU LOIRET : <\/em><strong>Ren\u00e9 DAUDIN <\/strong><em>(Coopt\u00e9)<\/em><\/li><li><em>CALENDRIER RANDONNEES DEPARTEMENTALES :<\/em> <strong>Denis PRUD&rsquo;HOMME<\/strong><\/li><\/ul>\n\n\n\n<figure class=\"wp-block-table is-style-stripes\"><table><tbody><tr><td>\u27a2Bernard Moineau est le repr\u00e9sentant du comit\u00e9 directeur d\u00e9partemental aux r\u00e9unions du comit\u00e9 directeur r\u00e9gional.<br>\u27a2Le CODEP est associ\u00e9 \u00e0 certains projets d\u00e9partementaux : For\u00eat Orl\u00e9ans (Tourisme Loiret), Tourisme Loiret (Beno\u00eet Grosjean, administrateur), Boucles d\u2019eau du Loiret (Beno\u00eet Grosjean, administrateur et Bernard Moineau , suppl\u00e9ant),&nbsp;<br>Il est \u00e9galement sollicit\u00e9 par la F\u00e9d\u00e9ration Dans le cadre du d\u00e9veloppement du tourisme \u00e0 v\u00e9lo et de la valorisation des territoires, pour collaborer sur la cr\u00e9ation d&rsquo;un itin\u00e9raire \u00ab\u00a0Sur les routes du Loiret\u00a0\u00bb. L&rsquo;administrateur de ce projet reste \u00e0 d\u00e9finir.<br><\/td><\/tr><tr><\/tr><tr><\/tr><\/tbody><\/table><\/figure>\n","protected":false},"excerpt":{"rendered":"<p>Mise \u00e0 Jour : 24\/03\/2026 La Composition : . FORMATION : Didier BOISSEAU FINANCES : Eric SIGMUND JEUNES : Jo\u00ebl RENAULT SECURITE\/SANTE : Philippe LANHER SENIORS : Commission vacante TOURISME : Commission vacante VTT\/GRAVEL :[&#8230;]<\/p>\n","protected":false},"author":1,"featured_media":0,"parent":44,"menu_order":2,"comment_status":"closed","ping_status":"closed","template":"","meta":[],"_links":{"self":[{"href":"https:\/\/codep45-ffct-org.fr\/index.php\/wp-json\/wp\/v2\/pages\/6722"}],"collection":[{"href":"https:\/\/codep45-ffct-org.fr\/index.php\/wp-json\/wp\/v2\/pages"}],"about":[{"href":"https:\/\/codep45-ffct-org.fr\/index.php\/wp-json\/wp\/v2\/types\/page"}],"author":[{"embeddable":true,"href":"https:\/\/codep45-ffct-org.fr\/index.php\/wp-json\/wp\/v2\/users\/1"}],"replies":[{"embeddable":true,"href":"https:\/\/codep45-ffct-org.fr\/index.php\/wp-json\/wp\/v2\/comments?post=6722"}],"version-history":[{"count":15,"href":"https:\/\/codep45-ffct-org.fr\/index.php\/wp-json\/wp\/v2\/pages\/6722\/revisions"}],"predecessor-version":[{"id":6928,"href":"https:\/\/codep45-ffct-org.fr\/index.php\/wp-json\/wp\/v2\/pages\/6722\/revisions\/6928"}],"up":[{"embeddable":true,"href":"https:\/\/codep45-ffct-org.fr\/index.php\/wp-json\/wp\/v2\/pages\/44"}],"wp:attachment":[{"href":"https:\/\/codep45-ffct-org.fr\/index.php\/wp-json\/wp\/v2\/media?parent=6722"}],"curies":[{"name":"wp","href":"https:\/\/api.w.org\/{rel}","templated":true}]}}