{"id":786,"date":"2020-11-10T11:18:08","date_gmt":"2020-11-10T10:18:08","guid":{"rendered":"http:\/\/codep45-ffct-org.fr\/?page_id=786"},"modified":"2024-02-29T16:45:47","modified_gmt":"2024-02-29T15:45:47","slug":"le-concours-photos-departemental","status":"publish","type":"page","link":"https:\/\/codep45-ffct-org.fr\/index.php\/le-concours-photos-departemental\/","title":{"rendered":"LE CONCOURS PHOTOS DEPARTEMENTAL \u00ab\u00a0Souvenir Daniel Henry\u00a0\u00bb"},"content":{"rendered":"\n<figure class=\"wp-block-image size-large is-resized\"><img loading=\"lazy\" src=\"http:\/\/codep45-ffct-org.fr\/wp-content\/uploads\/2020\/02\/Logo-Codep-45.png\" alt=\"\" class=\"wp-image-310\" width=\"214\" height=\"91\"\/><\/figure>\n\n\n\n<div class=\"wp-block-media-text alignwide is-stacked-on-mobile\" style=\"grid-template-columns:27% auto\"><figure class=\"wp-block-media-text__media\"><img loading=\"lazy\" width=\"284\" height=\"300\" src=\"http:\/\/codep45-ffct-org.fr\/wp-content\/uploads\/2021\/03\/Photo-Daniel-Henry_Page_1-1-284x300.jpeg\" alt=\"\" class=\"wp-image-2755 size-medium\" srcset=\"https:\/\/codep45-ffct-org.fr\/wp-content\/uploads\/2021\/03\/Photo-Daniel-Henry_Page_1-1-284x300.jpeg 284w, https:\/\/codep45-ffct-org.fr\/wp-content\/uploads\/2021\/03\/Photo-Daniel-Henry_Page_1-1-370x390.jpeg 370w, https:\/\/codep45-ffct-org.fr\/wp-content\/uploads\/2021\/03\/Photo-Daniel-Henry_Page_1-1.jpeg 676w\" sizes=\"(max-width: 284px) 100vw, 284px\" \/><\/figure><div class=\"wp-block-media-text__content\">\n<p style=\"font-size:19px\"><em>Daniel Henry est d\u00e9c\u00e9d\u00e9 le 16 Janvier 2020 \u00e0 l&rsquo;\u00e2ge de 77 ans<\/em>. <em>Il \u00e9tait licenci\u00e9<\/em> <em>fid\u00e8le \u00e0 l&rsquo;USM Saran, Club o\u00f9 il a assum\u00e9 plusieurs responsabilit\u00e9s<\/em>. <em>Toujours au service des autres, son d\u00e9vouement \u00e9tait exemplaire.   D\u00e9l\u00e9gu\u00e9 S\u00e9curit\u00e9 du Club, il \u00e9tait  membre de la Commission S\u00e9curit\u00e9 du Codep 45 ; il animait aussi en son sein, avec rigueur, la Commission du Concours Photos D\u00e9partemental.<\/em> <em>Plusieurs d\u00e9corations F\u00e9d\u00e9rales, et la m\u00e9daille de bronze de la Jeunesse et des Sports lui furent d\u00e9cern\u00e9es.<\/em> <em>H\u00e9las, depuis 3 ans, il \u00e9tait assailli par la maladie sous diverses formes n\u00e9cessitant souvent des s\u00e9jours \u00e0 l&rsquo;h\u00f4pital.<\/em>  <em>Daniel restera toujours dans nos pens\u00e9es. Le concours photos d\u00e9partemental  porte d\u00e9sormais son nom : \u00ab\u00a0Souvenir Daniel Henry\u00a0\u00bb<\/em><\/p>\n\n\n\n<p><\/p>\n<\/div><\/div>\n\n\n\n<div class=\"wp-block-media-text alignwide is-stacked-on-mobile\" style=\"grid-template-columns:15% auto\"><figure class=\"wp-block-media-text__media\"><img src=\"http:\/\/codep45-ffct-org.fr\/wp-content\/uploads\/2020\/12\/image-appareil-photos.jpg\" alt=\"\" class=\"wp-image-1834 size-full\"\/><\/figure><div class=\"wp-block-media-text__content\">\n<p class=\"has-large-font-size\"><\/p>\n<\/div><\/div>\n\n\n\n<figure class=\"wp-block-image size-full\"><img loading=\"lazy\" width=\"1654\" height=\"2338\" src=\"http:\/\/codep45-ffct-org.fr\/wp-content\/uploads\/2021\/11\/Reglement-concours-photos.jpg\" alt=\"\" class=\"wp-image-3751\" srcset=\"https:\/\/codep45-ffct-org.fr\/wp-content\/uploads\/2021\/11\/Reglement-concours-photos.jpg 1654w, https:\/\/codep45-ffct-org.fr\/wp-content\/uploads\/2021\/11\/Reglement-concours-photos-212x300.jpg 212w, https:\/\/codep45-ffct-org.fr\/wp-content\/uploads\/2021\/11\/Reglement-concours-photos-724x1024.jpg 724w, https:\/\/codep45-ffct-org.fr\/wp-content\/uploads\/2021\/11\/Reglement-concours-photos-768x1086.jpg 768w, https:\/\/codep45-ffct-org.fr\/wp-content\/uploads\/2021\/11\/Reglement-concours-photos-1087x1536.jpg 1087w, https:\/\/codep45-ffct-org.fr\/wp-content\/uploads\/2021\/11\/Reglement-concours-photos-1449x2048.jpg 1449w, https:\/\/codep45-ffct-org.fr\/wp-content\/uploads\/2021\/11\/Reglement-concours-photos-370x523.jpg 370w, https:\/\/codep45-ffct-org.fr\/wp-content\/uploads\/2021\/11\/Reglement-concours-photos-1040x1470.jpg 1040w\" sizes=\"(max-width: 1654px) 100vw, 1654px\" \/><\/figure>\n\n\n\n<p><\/p>\n","protected":false},"excerpt":{"rendered":"<p>Daniel Henry est d\u00e9c\u00e9d\u00e9 le 16 Janvier 2020 \u00e0 l&rsquo;\u00e2ge de 77 ans. Il \u00e9tait licenci\u00e9 fid\u00e8le \u00e0 l&rsquo;USM Saran, Club o\u00f9 il a assum\u00e9 plusieurs responsabilit\u00e9s. Toujours au service des autres, son d\u00e9vouement \u00e9tait[&#8230;]<\/p>\n","protected":false},"author":1,"featured_media":0,"parent":0,"menu_order":65,"comment_status":"closed","ping_status":"closed","template":"","meta":[],"_links":{"self":[{"href":"https:\/\/codep45-ffct-org.fr\/index.php\/wp-json\/wp\/v2\/pages\/786"}],"collection":[{"href":"https:\/\/codep45-ffct-org.fr\/index.php\/wp-json\/wp\/v2\/pages"}],"about":[{"href":"https:\/\/codep45-ffct-org.fr\/index.php\/wp-json\/wp\/v2\/types\/page"}],"author":[{"embeddable":true,"href":"https:\/\/codep45-ffct-org.fr\/index.php\/wp-json\/wp\/v2\/users\/1"}],"replies":[{"embeddable":true,"href":"https:\/\/codep45-ffct-org.fr\/index.php\/wp-json\/wp\/v2\/comments?post=786"}],"version-history":[{"count":24,"href":"https:\/\/codep45-ffct-org.fr\/index.php\/wp-json\/wp\/v2\/pages\/786\/revisions"}],"predecessor-version":[{"id":3752,"href":"https:\/\/codep45-ffct-org.fr\/index.php\/wp-json\/wp\/v2\/pages\/786\/revisions\/3752"}],"wp:attachment":[{"href":"https:\/\/codep45-ffct-org.fr\/index.php\/wp-json\/wp\/v2\/media?parent=786"}],"curies":[{"name":"wp","href":"https:\/\/api.w.org\/{rel}","templated":true}]}}