{"id":792,"date":"2020-11-10T11:27:50","date_gmt":"2020-11-10T10:27:50","guid":{"rendered":"http:\/\/codep45-ffct-org.fr\/?page_id=792"},"modified":"2024-02-29T16:01:00","modified_gmt":"2024-02-29T15:01:00","slug":"une-place-aux-jeunes-et-aux-familles","status":"publish","type":"page","link":"https:\/\/codep45-ffct-org.fr\/index.php\/une-place-aux-jeunes-et-aux-familles\/","title":{"rendered":"UNE PLACE AUX JEUNES ET AUX FAMILLES"},"content":{"rendered":"\n<figure class=\"wp-block-image size-large is-resized\"><img loading=\"lazy\" src=\"http:\/\/codep45-ffct-org.fr\/wp-content\/uploads\/2020\/02\/Logo-Codep-45.png\" alt=\"\" class=\"wp-image-310\" width=\"213\" height=\"91\"\/><\/figure>\n\n\n\n<p class=\"has-text-align-right has-small-font-size\"><em>Mise \u00e0 Jour : 31\/12\/2020<\/em><\/p>\n\n\n\n<figure class=\"wp-block-image size-large\"><img loading=\"lazy\" width=\"422\" height=\"129\" src=\"http:\/\/codep45-ffct-org.fr\/wp-content\/uploads\/2021\/01\/velo-en-famille.jpg\" alt=\"\" class=\"wp-image-2093\" srcset=\"https:\/\/codep45-ffct-org.fr\/wp-content\/uploads\/2021\/01\/velo-en-famille.jpg 422w, https:\/\/codep45-ffct-org.fr\/wp-content\/uploads\/2021\/01\/velo-en-famille-300x92.jpg 300w, https:\/\/codep45-ffct-org.fr\/wp-content\/uploads\/2021\/01\/velo-en-famille-370x113.jpg 370w\" sizes=\"(max-width: 422px) 100vw, 422px\" \/><\/figure>\n\n\n\n<div class=\"wp-block-media-text alignwide is-stacked-on-mobile\"><figure class=\"wp-block-media-text__media\"><img loading=\"lazy\" width=\"1024\" height=\"768\" src=\"http:\/\/codep45-ffct-org.fr\/wp-content\/uploads\/2020\/12\/20170412_110055-1-1024x768.jpg\" alt=\"\" class=\"wp-image-2001 size-full\" srcset=\"https:\/\/codep45-ffct-org.fr\/wp-content\/uploads\/2020\/12\/20170412_110055-1-1024x768.jpg 1024w, https:\/\/codep45-ffct-org.fr\/wp-content\/uploads\/2020\/12\/20170412_110055-1-300x225.jpg 300w, https:\/\/codep45-ffct-org.fr\/wp-content\/uploads\/2020\/12\/20170412_110055-1-768x576.jpg 768w, https:\/\/codep45-ffct-org.fr\/wp-content\/uploads\/2020\/12\/20170412_110055-1-1536x1152.jpg 1536w, https:\/\/codep45-ffct-org.fr\/wp-content\/uploads\/2020\/12\/20170412_110055-1-2048x1536.jpg 2048w, https:\/\/codep45-ffct-org.fr\/wp-content\/uploads\/2020\/12\/20170412_110055-1-370x278.jpg 370w, https:\/\/codep45-ffct-org.fr\/wp-content\/uploads\/2020\/12\/20170412_110055-1-1040x780.jpg 1040w\" sizes=\"(max-width: 1024px) 100vw, 1024px\" \/><\/figure><div class=\"wp-block-media-text__content\">\n<p style=\"font-size:22px\">  Nous sommes enchant\u00e9s que vous ayez pris le temps d\u2019ouvrir cet onglet.<br>Pour vous les parents, \u00e0 c\u00f4t\u00e9 de chez vous il y a certainement une association pr\u00eate \u00e0 vous accueillir (voir pages contacts).<br>Le saviez-vous ? Si vous voulez faire d\u00e9couvrir la pratique du cyclotourisme \u00e0 vos enfants, nous pouvons vous mettre en contact avec les deux \u00e9coles de cyclotourisme qui existent pour l\u2019instant dans le Loiret. <\/p>\n<\/div><\/div>\n\n\n\n<div class=\"wp-block-media-text alignwide is-stacked-on-mobile\"><figure class=\"wp-block-media-text__media\"><img loading=\"lazy\" width=\"1024\" height=\"768\" src=\"http:\/\/codep45-ffct-org.fr\/wp-content\/uploads\/2020\/12\/20170412_103935-1-1024x768.jpg\" alt=\"\" class=\"wp-image-2002 size-full\" srcset=\"https:\/\/codep45-ffct-org.fr\/wp-content\/uploads\/2020\/12\/20170412_103935-1-1024x768.jpg 1024w, https:\/\/codep45-ffct-org.fr\/wp-content\/uploads\/2020\/12\/20170412_103935-1-300x225.jpg 300w, https:\/\/codep45-ffct-org.fr\/wp-content\/uploads\/2020\/12\/20170412_103935-1-768x576.jpg 768w, https:\/\/codep45-ffct-org.fr\/wp-content\/uploads\/2020\/12\/20170412_103935-1-1536x1152.jpg 1536w, https:\/\/codep45-ffct-org.fr\/wp-content\/uploads\/2020\/12\/20170412_103935-1-2048x1536.jpg 2048w, https:\/\/codep45-ffct-org.fr\/wp-content\/uploads\/2020\/12\/20170412_103935-1-370x278.jpg 370w, https:\/\/codep45-ffct-org.fr\/wp-content\/uploads\/2020\/12\/20170412_103935-1-1040x780.jpg 1040w\" sizes=\"(max-width: 1024px) 100vw, 1024px\" \/><\/figure><div class=\"wp-block-media-text__content\">\n<p style=\"font-size:23px\">  Mais aussi, en famille vous avez la possibilit\u00e9 de participer aux randonn\u00e9es sur route et en tout chemin et tout terrain qui sont organis\u00e9es le dimanche matin par les Associations sous l\u2019\u00e9gide du Comit\u00e9 D\u00e9partemental (voir le calendrier). Les circuits sont balis\u00e9s et vous pouvez choisir la distance qui vous convient. <\/p>\n<\/div><\/div>\n\n\n\n<div class=\"wp-block-media-text alignwide has-media-on-the-right is-stacked-on-mobile\"><figure class=\"wp-block-media-text__media\"><img loading=\"lazy\" width=\"1024\" height=\"678\" src=\"http:\/\/codep45-ffct-org.fr\/wp-content\/uploads\/2020\/12\/DSC_4570-1-1024x678.jpg\" alt=\"\" class=\"wp-image-2004 size-full\" srcset=\"https:\/\/codep45-ffct-org.fr\/wp-content\/uploads\/2020\/12\/DSC_4570-1-1024x678.jpg 1024w, https:\/\/codep45-ffct-org.fr\/wp-content\/uploads\/2020\/12\/DSC_4570-1-300x199.jpg 300w, https:\/\/codep45-ffct-org.fr\/wp-content\/uploads\/2020\/12\/DSC_4570-1-768x509.jpg 768w, https:\/\/codep45-ffct-org.fr\/wp-content\/uploads\/2020\/12\/DSC_4570-1-1536x1017.jpg 1536w, https:\/\/codep45-ffct-org.fr\/wp-content\/uploads\/2020\/12\/DSC_4570-1-2048x1356.jpg 2048w, https:\/\/codep45-ffct-org.fr\/wp-content\/uploads\/2020\/12\/DSC_4570-1-370x245.jpg 370w, https:\/\/codep45-ffct-org.fr\/wp-content\/uploads\/2020\/12\/DSC_4570-1-1040x689.jpg 1040w\" sizes=\"(max-width: 1024px) 100vw, 1024px\" \/><\/figure><div class=\"wp-block-media-text__content\">\n<p style=\"font-size:23px\">  En participant \u00e0 ces randonn\u00e9es, vous aurez peut-\u00eatre envie d\u2019approcher une association pour essayer.<br>Sachez que vous pouvez effectuer trois sorties avec une m\u00eame Association pour d\u00e9couvrir des circuits inhabituels, des lieux insolites et le plaisir de rouler en groupe. <\/p>\n<\/div><\/div>\n\n\n\n<div class=\"wp-block-media-text alignwide has-media-on-the-right is-stacked-on-mobile\"><figure class=\"wp-block-media-text__media\"><img loading=\"lazy\" width=\"768\" height=\"1024\" src=\"http:\/\/codep45-ffct-org.fr\/wp-content\/uploads\/2020\/12\/IMG_20180616_185837-768x1024.jpg\" alt=\"\" class=\"wp-image-2010 size-full\" srcset=\"https:\/\/codep45-ffct-org.fr\/wp-content\/uploads\/2020\/12\/IMG_20180616_185837-768x1024.jpg 768w, https:\/\/codep45-ffct-org.fr\/wp-content\/uploads\/2020\/12\/IMG_20180616_185837-225x300.jpg 225w, https:\/\/codep45-ffct-org.fr\/wp-content\/uploads\/2020\/12\/IMG_20180616_185837-1152x1536.jpg 1152w, https:\/\/codep45-ffct-org.fr\/wp-content\/uploads\/2020\/12\/IMG_20180616_185837-1536x2048.jpg 1536w, https:\/\/codep45-ffct-org.fr\/wp-content\/uploads\/2020\/12\/IMG_20180616_185837-370x493.jpg 370w, https:\/\/codep45-ffct-org.fr\/wp-content\/uploads\/2020\/12\/IMG_20180616_185837-1040x1387.jpg 1040w, https:\/\/codep45-ffct-org.fr\/wp-content\/uploads\/2020\/12\/IMG_20180616_185837-scaled.jpg 1920w\" sizes=\"(max-width: 768px) 100vw, 768px\" \/><\/figure><div class=\"wp-block-media-text__content\">\n<p class=\"has-text-align-center\" style=\"font-size:25px\"><em>Alors, n&rsquo;h\u00e9sitez plus ! Venez rejoindre notre grande famille de cyclos   <\/em><\/p>\n\n\n\n<p class=\"has-text-align-center\" style=\"font-size:25px\"><em>            <strong>            \u00ab\u00a0A v\u00e9lo tout est plus beau !\u00a0\u00bb<\/strong><\/em><\/p>\n<\/div><\/div>\n","protected":false},"excerpt":{"rendered":"<p>Mise \u00e0 Jour : 31\/12\/2020 Nous sommes enchant\u00e9s que vous ayez pris le temps d\u2019ouvrir cet onglet.Pour vous les parents, \u00e0 c\u00f4t\u00e9 de chez vous il y a certainement une association pr\u00eate \u00e0 vous accueillir[&#8230;]<\/p>\n","protected":false},"author":1,"featured_media":0,"parent":0,"menu_order":50,"comment_status":"closed","ping_status":"closed","template":"","meta":[],"_links":{"self":[{"href":"https:\/\/codep45-ffct-org.fr\/index.php\/wp-json\/wp\/v2\/pages\/792"}],"collection":[{"href":"https:\/\/codep45-ffct-org.fr\/index.php\/wp-json\/wp\/v2\/pages"}],"about":[{"href":"https:\/\/codep45-ffct-org.fr\/index.php\/wp-json\/wp\/v2\/types\/page"}],"author":[{"embeddable":true,"href":"https:\/\/codep45-ffct-org.fr\/index.php\/wp-json\/wp\/v2\/users\/1"}],"replies":[{"embeddable":true,"href":"https:\/\/codep45-ffct-org.fr\/index.php\/wp-json\/wp\/v2\/comments?post=792"}],"version-history":[{"count":23,"href":"https:\/\/codep45-ffct-org.fr\/index.php\/wp-json\/wp\/v2\/pages\/792\/revisions"}],"predecessor-version":[{"id":5827,"href":"https:\/\/codep45-ffct-org.fr\/index.php\/wp-json\/wp\/v2\/pages\/792\/revisions\/5827"}],"wp:attachment":[{"href":"https:\/\/codep45-ffct-org.fr\/index.php\/wp-json\/wp\/v2\/media?parent=792"}],"curies":[{"name":"wp","href":"https:\/\/api.w.org\/{rel}","templated":true}]}}