{"id":827,"date":"2020-11-10T17:47:17","date_gmt":"2020-11-10T16:47:17","guid":{"rendered":"http:\/\/codep45-ffct-org.fr\/?page_id=827"},"modified":"2022-01-24T15:58:25","modified_gmt":"2022-01-24T14:58:25","slug":"les-statuts-departementaux","status":"publish","type":"page","link":"https:\/\/codep45-ffct-org.fr\/index.php\/les-statuts-le-reglement-interieur\/les-statuts-departementaux\/","title":{"rendered":"Les Statuts D\u00e9partementaux"},"content":{"rendered":"\n<figure class=\"wp-block-image size-large is-resized\"><img loading=\"lazy\" src=\"http:\/\/codep45-ffct-org.fr\/wp-content\/uploads\/2022\/01\/Logo-Codep-45-5.png\" alt=\"\" class=\"wp-image-3955\" width=\"213\" height=\"91\"\/><\/figure>\n\n\n\n<p>La Modification des Statuts a \u00e9t\u00e9 approuv\u00e9e par le vote de l&rsquo;Assembl\u00e9e G\u00e9n\u00e9rale Extraordinaire du 22 Janvier 2022;<\/p>\n\n\n\n<p>Pour les afficher, <strong><a href=\"http:\/\/codep45-ffct-org.fr\/wp-content\/uploads\/2022\/01\/Statuts-CODEP-AG-EXTRAORD-22-01-2022.pdf\" class=\"rank-math-link\">C&rsquo;EST ICI<\/a><\/strong><\/p>\n","protected":false},"excerpt":{"rendered":"<p>La Modification des Statuts a \u00e9t\u00e9 approuv\u00e9e par le vote de l&rsquo;Assembl\u00e9e G\u00e9n\u00e9rale Extraordinaire du 22 Janvier 2022; Pour les afficher, C&rsquo;EST ICI<\/p>\n","protected":false},"author":1,"featured_media":0,"parent":789,"menu_order":1,"comment_status":"closed","ping_status":"closed","template":"","meta":[],"_links":{"self":[{"href":"https:\/\/codep45-ffct-org.fr\/index.php\/wp-json\/wp\/v2\/pages\/827"}],"collection":[{"href":"https:\/\/codep45-ffct-org.fr\/index.php\/wp-json\/wp\/v2\/pages"}],"about":[{"href":"https:\/\/codep45-ffct-org.fr\/index.php\/wp-json\/wp\/v2\/types\/page"}],"author":[{"embeddable":true,"href":"https:\/\/codep45-ffct-org.fr\/index.php\/wp-json\/wp\/v2\/users\/1"}],"replies":[{"embeddable":true,"href":"https:\/\/codep45-ffct-org.fr\/index.php\/wp-json\/wp\/v2\/comments?post=827"}],"version-history":[{"count":15,"href":"https:\/\/codep45-ffct-org.fr\/index.php\/wp-json\/wp\/v2\/pages\/827\/revisions"}],"predecessor-version":[{"id":3958,"href":"https:\/\/codep45-ffct-org.fr\/index.php\/wp-json\/wp\/v2\/pages\/827\/revisions\/3958"}],"up":[{"embeddable":true,"href":"https:\/\/codep45-ffct-org.fr\/index.php\/wp-json\/wp\/v2\/pages\/789"}],"wp:attachment":[{"href":"https:\/\/codep45-ffct-org.fr\/index.php\/wp-json\/wp\/v2\/media?parent=827"}],"curies":[{"name":"wp","href":"https:\/\/api.w.org\/{rel}","templated":true}]}}