{"id":849,"date":"2020-11-10T18:15:12","date_gmt":"2020-11-10T17:15:12","guid":{"rendered":"http:\/\/codep45-ffct-org.fr\/?page_id=849"},"modified":"2020-11-10T18:22:44","modified_gmt":"2020-11-10T17:22:44","slug":"le-reglement-interieur-departemental","status":"publish","type":"page","link":"https:\/\/codep45-ffct-org.fr\/index.php\/les-statuts-le-reglement-interieur\/le-reglement-interieur-departemental\/","title":{"rendered":"Le R\u00e8glement Int\u00e9rieur D\u00e9partemental"},"content":{"rendered":"\n<figure class=\"wp-block-image size-large is-resized\"><img src=\"http:\/\/codep45-ffct-org.fr\/wp-content\/uploads\/2020\/11\/R\u00e8glement-Int\u00e9rieur-CODEP-454_Page_1-724x1024.jpeg\" alt=\"\" class=\"wp-image-852\" width=\"950\" srcset=\"https:\/\/codep45-ffct-org.fr\/wp-content\/uploads\/2020\/11\/R\u00e8glement-Int\u00e9rieur-CODEP-454_Page_1-724x1024.jpeg 724w, https:\/\/codep45-ffct-org.fr\/wp-content\/uploads\/2020\/11\/R\u00e8glement-Int\u00e9rieur-CODEP-454_Page_1-212x300.jpeg 212w, https:\/\/codep45-ffct-org.fr\/wp-content\/uploads\/2020\/11\/R\u00e8glement-Int\u00e9rieur-CODEP-454_Page_1-768x1086.jpeg 768w, https:\/\/codep45-ffct-org.fr\/wp-content\/uploads\/2020\/11\/R\u00e8glement-Int\u00e9rieur-CODEP-454_Page_1-1086x1536.jpeg 1086w, https:\/\/codep45-ffct-org.fr\/wp-content\/uploads\/2020\/11\/R\u00e8glement-Int\u00e9rieur-CODEP-454_Page_1-1448x2048.jpeg 1448w, https:\/\/codep45-ffct-org.fr\/wp-content\/uploads\/2020\/11\/R\u00e8glement-Int\u00e9rieur-CODEP-454_Page_1-370x523.jpeg 370w, https:\/\/codep45-ffct-org.fr\/wp-content\/uploads\/2020\/11\/R\u00e8glement-Int\u00e9rieur-CODEP-454_Page_1-1040x1471.jpeg 1040w, https:\/\/codep45-ffct-org.fr\/wp-content\/uploads\/2020\/11\/R\u00e8glement-Int\u00e9rieur-CODEP-454_Page_1.jpeg 1654w\" sizes=\"(max-width: 724px) 100vw, 724px\" \/><\/figure>\n\n\n\n<figure class=\"wp-block-image size-large is-resized\"><img src=\"http:\/\/codep45-ffct-org.fr\/wp-content\/uploads\/2020\/11\/R\u00e8glement-Int\u00e9rieur-CODEP-454_Page_2-724x1024.jpeg\" alt=\"\" class=\"wp-image-854\" width=\"950\" srcset=\"https:\/\/codep45-ffct-org.fr\/wp-content\/uploads\/2020\/11\/R\u00e8glement-Int\u00e9rieur-CODEP-454_Page_2-724x1024.jpeg 724w, https:\/\/codep45-ffct-org.fr\/wp-content\/uploads\/2020\/11\/R\u00e8glement-Int\u00e9rieur-CODEP-454_Page_2-212x300.jpeg 212w, https:\/\/codep45-ffct-org.fr\/wp-content\/uploads\/2020\/11\/R\u00e8glement-Int\u00e9rieur-CODEP-454_Page_2-768x1086.jpeg 768w, https:\/\/codep45-ffct-org.fr\/wp-content\/uploads\/2020\/11\/R\u00e8glement-Int\u00e9rieur-CODEP-454_Page_2-1086x1536.jpeg 1086w, https:\/\/codep45-ffct-org.fr\/wp-content\/uploads\/2020\/11\/R\u00e8glement-Int\u00e9rieur-CODEP-454_Page_2-1448x2048.jpeg 1448w, https:\/\/codep45-ffct-org.fr\/wp-content\/uploads\/2020\/11\/R\u00e8glement-Int\u00e9rieur-CODEP-454_Page_2-370x523.jpeg 370w, https:\/\/codep45-ffct-org.fr\/wp-content\/uploads\/2020\/11\/R\u00e8glement-Int\u00e9rieur-CODEP-454_Page_2-1040x1471.jpeg 1040w, https:\/\/codep45-ffct-org.fr\/wp-content\/uploads\/2020\/11\/R\u00e8glement-Int\u00e9rieur-CODEP-454_Page_2.jpeg 1654w\" sizes=\"(max-width: 724px) 100vw, 724px\" \/><\/figure>\n\n\n\n<figure class=\"wp-block-image size-large is-resized\"><img src=\"http:\/\/codep45-ffct-org.fr\/wp-content\/uploads\/2020\/11\/R\u00e8glement-Int\u00e9rieur-CODEP-454_Page_3-724x1024.jpeg\" alt=\"\" class=\"wp-image-855\" width=\"950\" srcset=\"https:\/\/codep45-ffct-org.fr\/wp-content\/uploads\/2020\/11\/R\u00e8glement-Int\u00e9rieur-CODEP-454_Page_3-724x1024.jpeg 724w, https:\/\/codep45-ffct-org.fr\/wp-content\/uploads\/2020\/11\/R\u00e8glement-Int\u00e9rieur-CODEP-454_Page_3-212x300.jpeg 212w, https:\/\/codep45-ffct-org.fr\/wp-content\/uploads\/2020\/11\/R\u00e8glement-Int\u00e9rieur-CODEP-454_Page_3-768x1086.jpeg 768w, https:\/\/codep45-ffct-org.fr\/wp-content\/uploads\/2020\/11\/R\u00e8glement-Int\u00e9rieur-CODEP-454_Page_3-1086x1536.jpeg 1086w, https:\/\/codep45-ffct-org.fr\/wp-content\/uploads\/2020\/11\/R\u00e8glement-Int\u00e9rieur-CODEP-454_Page_3-1448x2048.jpeg 1448w, https:\/\/codep45-ffct-org.fr\/wp-content\/uploads\/2020\/11\/R\u00e8glement-Int\u00e9rieur-CODEP-454_Page_3-370x523.jpeg 370w, https:\/\/codep45-ffct-org.fr\/wp-content\/uploads\/2020\/11\/R\u00e8glement-Int\u00e9rieur-CODEP-454_Page_3-1040x1471.jpeg 1040w, https:\/\/codep45-ffct-org.fr\/wp-content\/uploads\/2020\/11\/R\u00e8glement-Int\u00e9rieur-CODEP-454_Page_3.jpeg 1654w\" sizes=\"(max-width: 724px) 100vw, 724px\" \/><\/figure>\n\n\n\n<figure class=\"wp-block-image size-large is-resized\"><img src=\"http:\/\/codep45-ffct-org.fr\/wp-content\/uploads\/2020\/11\/R\u00e8glement-Int\u00e9rieur-CODEP-454_Page_4-724x1024.jpeg\" alt=\"\" class=\"wp-image-857\" width=\"950\" srcset=\"https:\/\/codep45-ffct-org.fr\/wp-content\/uploads\/2020\/11\/R\u00e8glement-Int\u00e9rieur-CODEP-454_Page_4-724x1024.jpeg 724w, https:\/\/codep45-ffct-org.fr\/wp-content\/uploads\/2020\/11\/R\u00e8glement-Int\u00e9rieur-CODEP-454_Page_4-212x300.jpeg 212w, https:\/\/codep45-ffct-org.fr\/wp-content\/uploads\/2020\/11\/R\u00e8glement-Int\u00e9rieur-CODEP-454_Page_4-768x1086.jpeg 768w, https:\/\/codep45-ffct-org.fr\/wp-content\/uploads\/2020\/11\/R\u00e8glement-Int\u00e9rieur-CODEP-454_Page_4-1086x1536.jpeg 1086w, https:\/\/codep45-ffct-org.fr\/wp-content\/uploads\/2020\/11\/R\u00e8glement-Int\u00e9rieur-CODEP-454_Page_4-1448x2048.jpeg 1448w, https:\/\/codep45-ffct-org.fr\/wp-content\/uploads\/2020\/11\/R\u00e8glement-Int\u00e9rieur-CODEP-454_Page_4-370x523.jpeg 370w, https:\/\/codep45-ffct-org.fr\/wp-content\/uploads\/2020\/11\/R\u00e8glement-Int\u00e9rieur-CODEP-454_Page_4-1040x1471.jpeg 1040w, https:\/\/codep45-ffct-org.fr\/wp-content\/uploads\/2020\/11\/R\u00e8glement-Int\u00e9rieur-CODEP-454_Page_4.jpeg 1654w\" sizes=\"(max-width: 724px) 100vw, 724px\" \/><\/figure>\n\n\n\n<figure class=\"wp-block-image size-large is-resized\"><img src=\"http:\/\/codep45-ffct-org.fr\/wp-content\/uploads\/2020\/11\/R\u00e8glement-Int\u00e9rieur-CODEP-454_Page_5-724x1024.jpeg\" alt=\"\" class=\"wp-image-859\" width=\"950\" srcset=\"https:\/\/codep45-ffct-org.fr\/wp-content\/uploads\/2020\/11\/R\u00e8glement-Int\u00e9rieur-CODEP-454_Page_5-724x1024.jpeg 724w, https:\/\/codep45-ffct-org.fr\/wp-content\/uploads\/2020\/11\/R\u00e8glement-Int\u00e9rieur-CODEP-454_Page_5-212x300.jpeg 212w, https:\/\/codep45-ffct-org.fr\/wp-content\/uploads\/2020\/11\/R\u00e8glement-Int\u00e9rieur-CODEP-454_Page_5-768x1086.jpeg 768w, https:\/\/codep45-ffct-org.fr\/wp-content\/uploads\/2020\/11\/R\u00e8glement-Int\u00e9rieur-CODEP-454_Page_5-1086x1536.jpeg 1086w, https:\/\/codep45-ffct-org.fr\/wp-content\/uploads\/2020\/11\/R\u00e8glement-Int\u00e9rieur-CODEP-454_Page_5-1448x2048.jpeg 1448w, https:\/\/codep45-ffct-org.fr\/wp-content\/uploads\/2020\/11\/R\u00e8glement-Int\u00e9rieur-CODEP-454_Page_5-370x523.jpeg 370w, https:\/\/codep45-ffct-org.fr\/wp-content\/uploads\/2020\/11\/R\u00e8glement-Int\u00e9rieur-CODEP-454_Page_5-1040x1471.jpeg 1040w, https:\/\/codep45-ffct-org.fr\/wp-content\/uploads\/2020\/11\/R\u00e8glement-Int\u00e9rieur-CODEP-454_Page_5.jpeg 1654w\" sizes=\"(max-width: 724px) 100vw, 724px\" \/><\/figure>\n\n\n\n<figure class=\"wp-block-image size-large is-resized\"><img src=\"http:\/\/codep45-ffct-org.fr\/wp-content\/uploads\/2020\/11\/R\u00e8glement-Int\u00e9rieur-CODEP-454_Page_6-724x1024.jpeg\" alt=\"\" class=\"wp-image-861\" width=\"950\" srcset=\"https:\/\/codep45-ffct-org.fr\/wp-content\/uploads\/2020\/11\/R\u00e8glement-Int\u00e9rieur-CODEP-454_Page_6-724x1024.jpeg 724w, https:\/\/codep45-ffct-org.fr\/wp-content\/uploads\/2020\/11\/R\u00e8glement-Int\u00e9rieur-CODEP-454_Page_6-212x300.jpeg 212w, https:\/\/codep45-ffct-org.fr\/wp-content\/uploads\/2020\/11\/R\u00e8glement-Int\u00e9rieur-CODEP-454_Page_6-768x1086.jpeg 768w, https:\/\/codep45-ffct-org.fr\/wp-content\/uploads\/2020\/11\/R\u00e8glement-Int\u00e9rieur-CODEP-454_Page_6-1086x1536.jpeg 1086w, https:\/\/codep45-ffct-org.fr\/wp-content\/uploads\/2020\/11\/R\u00e8glement-Int\u00e9rieur-CODEP-454_Page_6-1448x2048.jpeg 1448w, https:\/\/codep45-ffct-org.fr\/wp-content\/uploads\/2020\/11\/R\u00e8glement-Int\u00e9rieur-CODEP-454_Page_6-370x523.jpeg 370w, https:\/\/codep45-ffct-org.fr\/wp-content\/uploads\/2020\/11\/R\u00e8glement-Int\u00e9rieur-CODEP-454_Page_6-1040x1471.jpeg 1040w, https:\/\/codep45-ffct-org.fr\/wp-content\/uploads\/2020\/11\/R\u00e8glement-Int\u00e9rieur-CODEP-454_Page_6.jpeg 1654w\" sizes=\"(max-width: 724px) 100vw, 724px\" \/><\/figure>\n\n\n\n<figure class=\"wp-block-image size-large is-resized\"><img src=\"http:\/\/codep45-ffct-org.fr\/wp-content\/uploads\/2020\/11\/R\u00e8glement-Int\u00e9rieur-CODEP-454_Page_7-724x1024.jpeg\" alt=\"\" class=\"wp-image-863\" width=\"950\" srcset=\"https:\/\/codep45-ffct-org.fr\/wp-content\/uploads\/2020\/11\/R\u00e8glement-Int\u00e9rieur-CODEP-454_Page_7-724x1024.jpeg 724w, https:\/\/codep45-ffct-org.fr\/wp-content\/uploads\/2020\/11\/R\u00e8glement-Int\u00e9rieur-CODEP-454_Page_7-212x300.jpeg 212w, https:\/\/codep45-ffct-org.fr\/wp-content\/uploads\/2020\/11\/R\u00e8glement-Int\u00e9rieur-CODEP-454_Page_7-768x1086.jpeg 768w, https:\/\/codep45-ffct-org.fr\/wp-content\/uploads\/2020\/11\/R\u00e8glement-Int\u00e9rieur-CODEP-454_Page_7-1086x1536.jpeg 1086w, https:\/\/codep45-ffct-org.fr\/wp-content\/uploads\/2020\/11\/R\u00e8glement-Int\u00e9rieur-CODEP-454_Page_7-1448x2048.jpeg 1448w, https:\/\/codep45-ffct-org.fr\/wp-content\/uploads\/2020\/11\/R\u00e8glement-Int\u00e9rieur-CODEP-454_Page_7-370x523.jpeg 370w, https:\/\/codep45-ffct-org.fr\/wp-content\/uploads\/2020\/11\/R\u00e8glement-Int\u00e9rieur-CODEP-454_Page_7-1040x1471.jpeg 1040w, https:\/\/codep45-ffct-org.fr\/wp-content\/uploads\/2020\/11\/R\u00e8glement-Int\u00e9rieur-CODEP-454_Page_7.jpeg 1654w\" sizes=\"(max-width: 724px) 100vw, 724px\" \/><\/figure>\n\n\n\n<figure class=\"wp-block-image size-large is-resized\"><img src=\"http:\/\/codep45-ffct-org.fr\/wp-content\/uploads\/2020\/11\/R\u00e8glement-Int\u00e9rieur-CODEP-454_Page_8-724x1024.jpeg\" alt=\"\" class=\"wp-image-865\" width=\"950\" srcset=\"https:\/\/codep45-ffct-org.fr\/wp-content\/uploads\/2020\/11\/R\u00e8glement-Int\u00e9rieur-CODEP-454_Page_8-724x1024.jpeg 724w, https:\/\/codep45-ffct-org.fr\/wp-content\/uploads\/2020\/11\/R\u00e8glement-Int\u00e9rieur-CODEP-454_Page_8-212x300.jpeg 212w, https:\/\/codep45-ffct-org.fr\/wp-content\/uploads\/2020\/11\/R\u00e8glement-Int\u00e9rieur-CODEP-454_Page_8-768x1086.jpeg 768w, https:\/\/codep45-ffct-org.fr\/wp-content\/uploads\/2020\/11\/R\u00e8glement-Int\u00e9rieur-CODEP-454_Page_8-1086x1536.jpeg 1086w, https:\/\/codep45-ffct-org.fr\/wp-content\/uploads\/2020\/11\/R\u00e8glement-Int\u00e9rieur-CODEP-454_Page_8-1448x2048.jpeg 1448w, https:\/\/codep45-ffct-org.fr\/wp-content\/uploads\/2020\/11\/R\u00e8glement-Int\u00e9rieur-CODEP-454_Page_8-370x523.jpeg 370w, https:\/\/codep45-ffct-org.fr\/wp-content\/uploads\/2020\/11\/R\u00e8glement-Int\u00e9rieur-CODEP-454_Page_8-1040x1471.jpeg 1040w, https:\/\/codep45-ffct-org.fr\/wp-content\/uploads\/2020\/11\/R\u00e8glement-Int\u00e9rieur-CODEP-454_Page_8.jpeg 1654w\" sizes=\"(max-width: 724px) 100vw, 724px\" \/><\/figure>\n\n\n\n<figure class=\"wp-block-image size-large is-resized\"><img src=\"http:\/\/codep45-ffct-org.fr\/wp-content\/uploads\/2020\/11\/R\u00e8glement-Int\u00e9rieur-CODEP-454_Page_9-724x1024.jpeg\" alt=\"\" class=\"wp-image-867\" width=\"950\" srcset=\"https:\/\/codep45-ffct-org.fr\/wp-content\/uploads\/2020\/11\/R\u00e8glement-Int\u00e9rieur-CODEP-454_Page_9-724x1024.jpeg 724w, https:\/\/codep45-ffct-org.fr\/wp-content\/uploads\/2020\/11\/R\u00e8glement-Int\u00e9rieur-CODEP-454_Page_9-212x300.jpeg 212w, https:\/\/codep45-ffct-org.fr\/wp-content\/uploads\/2020\/11\/R\u00e8glement-Int\u00e9rieur-CODEP-454_Page_9-768x1086.jpeg 768w, https:\/\/codep45-ffct-org.fr\/wp-content\/uploads\/2020\/11\/R\u00e8glement-Int\u00e9rieur-CODEP-454_Page_9-1086x1536.jpeg 1086w, https:\/\/codep45-ffct-org.fr\/wp-content\/uploads\/2020\/11\/R\u00e8glement-Int\u00e9rieur-CODEP-454_Page_9-1448x2048.jpeg 1448w, https:\/\/codep45-ffct-org.fr\/wp-content\/uploads\/2020\/11\/R\u00e8glement-Int\u00e9rieur-CODEP-454_Page_9-370x523.jpeg 370w, https:\/\/codep45-ffct-org.fr\/wp-content\/uploads\/2020\/11\/R\u00e8glement-Int\u00e9rieur-CODEP-454_Page_9-1040x1471.jpeg 1040w, https:\/\/codep45-ffct-org.fr\/wp-content\/uploads\/2020\/11\/R\u00e8glement-Int\u00e9rieur-CODEP-454_Page_9.jpeg 1654w\" sizes=\"(max-width: 724px) 100vw, 724px\" \/><\/figure>\n\n\n\n<figure class=\"wp-block-image size-large is-resized\"><img src=\"http:\/\/codep45-ffct-org.fr\/wp-content\/uploads\/2020\/11\/R\u00e8glement-Int\u00e9rieur-CODEP-454_Page_10-724x1024.jpeg\" alt=\"\" class=\"wp-image-869\" width=\"950\" srcset=\"https:\/\/codep45-ffct-org.fr\/wp-content\/uploads\/2020\/11\/R\u00e8glement-Int\u00e9rieur-CODEP-454_Page_10-724x1024.jpeg 724w, https:\/\/codep45-ffct-org.fr\/wp-content\/uploads\/2020\/11\/R\u00e8glement-Int\u00e9rieur-CODEP-454_Page_10-212x300.jpeg 212w, https:\/\/codep45-ffct-org.fr\/wp-content\/uploads\/2020\/11\/R\u00e8glement-Int\u00e9rieur-CODEP-454_Page_10-768x1086.jpeg 768w, https:\/\/codep45-ffct-org.fr\/wp-content\/uploads\/2020\/11\/R\u00e8glement-Int\u00e9rieur-CODEP-454_Page_10-1086x1536.jpeg 1086w, https:\/\/codep45-ffct-org.fr\/wp-content\/uploads\/2020\/11\/R\u00e8glement-Int\u00e9rieur-CODEP-454_Page_10-1448x2048.jpeg 1448w, https:\/\/codep45-ffct-org.fr\/wp-content\/uploads\/2020\/11\/R\u00e8glement-Int\u00e9rieur-CODEP-454_Page_10-370x523.jpeg 370w, https:\/\/codep45-ffct-org.fr\/wp-content\/uploads\/2020\/11\/R\u00e8glement-Int\u00e9rieur-CODEP-454_Page_10-1040x1471.jpeg 1040w, https:\/\/codep45-ffct-org.fr\/wp-content\/uploads\/2020\/11\/R\u00e8glement-Int\u00e9rieur-CODEP-454_Page_10.jpeg 1654w\" sizes=\"(max-width: 724px) 100vw, 724px\" \/><\/figure>\n","protected":false},"excerpt":{"rendered":"","protected":false},"author":1,"featured_media":0,"parent":789,"menu_order":2,"comment_status":"closed","ping_status":"closed","template":"","meta":[],"_links":{"self":[{"href":"https:\/\/codep45-ffct-org.fr\/index.php\/wp-json\/wp\/v2\/pages\/849"}],"collection":[{"href":"https:\/\/codep45-ffct-org.fr\/index.php\/wp-json\/wp\/v2\/pages"}],"about":[{"href":"https:\/\/codep45-ffct-org.fr\/index.php\/wp-json\/wp\/v2\/types\/page"}],"author":[{"embeddable":true,"href":"https:\/\/codep45-ffct-org.fr\/index.php\/wp-json\/wp\/v2\/users\/1"}],"replies":[{"embeddable":true,"href":"https:\/\/codep45-ffct-org.fr\/index.php\/wp-json\/wp\/v2\/comments?post=849"}],"version-history":[{"count":10,"href":"https:\/\/codep45-ffct-org.fr\/index.php\/wp-json\/wp\/v2\/pages\/849\/revisions"}],"predecessor-version":[{"id":870,"href":"https:\/\/codep45-ffct-org.fr\/index.php\/wp-json\/wp\/v2\/pages\/849\/revisions\/870"}],"up":[{"embeddable":true,"href":"https:\/\/codep45-ffct-org.fr\/index.php\/wp-json\/wp\/v2\/pages\/789"}],"wp:attachment":[{"href":"https:\/\/codep45-ffct-org.fr\/index.php\/wp-json\/wp\/v2\/media?parent=849"}],"curies":[{"name":"wp","href":"https:\/\/api.w.org\/{rel}","templated":true}]}}